{"id":128,"date":"2014-07-09T16:37:39","date_gmt":"2014-07-09T16:37:39","guid":{"rendered":"http:\/\/www.cerrajeriasanjuan.com\/es\/?page_id=128"},"modified":"2015-11-14T07:32:44","modified_gmt":"2015-11-14T07:32:44","slug":"rotulos","status":"publish","type":"page","link":"http:\/\/www.cerrajeriasanjuan.com\/es\/rotulos\/","title":{"rendered":"ROTULOS"},"content":{"rendered":"<p>[et_pb_section admin_label=\u00bbsection\u00bb][et_pb_row admin_label=\u00bbrow\u00bb][et_pb_column type=\u00bb1_2&#8243;][et_pb_text admin_label=\u00bbText\u00bb background_layout=\u00bblight\u00bb text_orientation=\u00bbleft\u00bb]<\/p>\n<p class=\"UNO\" align=\"justify\">\n<p class=\"UNO\" align=\"justify\"><span class=\"LETRAS\" style=\"color: #000000;\">En\u00a0<\/span><span class=\"azul\" style=\"color: #003399;\">Cerrajer\u00eda Sanju\u00e1n<\/span><span class=\"LETRAS\" style=\"color: #000000;\">, realizamos e instalamos todo tipo de Estructuras y R\u00f3tulos para el mundo de la rotulaci\u00f3n:<\/span><\/p>\n<ul class=\"texto\" style=\"font-weight: bold; color: #000000;\">\n<li class=\"UNO\">Caballetes<\/li>\n<li class=\"UNO\"><span class=\"LETRAS\" style=\"color: #000000;\">Carteleria<\/span><\/li>\n<li class=\"UNO\"><span class=\"LETRAS\" style=\"color: #000000;\">Luminosos<\/span><\/li>\n<li class=\"UNO\"><span class=\"LETRAS\" style=\"color: #000000;\">Letras de gran tama\u00f1o<\/span><\/li>\n<li class=\"UNO\"><span class=\"LETRAS\" style=\"color: #000000;\">Se\u00f1ales<\/span><\/li>\n<li class=\"UNO\"><span class=\"LETRAS\" style=\"color: #000000;\">Vallas publicitarias<\/span><\/li>\n<li class=\"UNO\"><span class=\"LETRAS\" style=\"color: #000000;\">Rotulos en Forja<\/span><\/li>\n<\/ul>\n<p>[\/et_pb_text][\/et_pb_column][et_pb_column type=\u00bb1_2&#8243;][et_pb_gallery admin_label=\u00bbGallery\u00bb gallery_ids=\u00bb416,417,418,419&#8243; fullwidth=\u00bboff\u00bb posts_number=\u00bb4&#8243; show_title_and_caption=\u00bboff\u00bb show_pagination=\u00bbon\u00bb background_layout=\u00bblight\u00bb] [\/et_pb_gallery][\/et_pb_column][\/et_pb_row][et_pb_row admin_label=\u00bbrow\u00bb][et_pb_column type=\u00bb4_4&#8243;][et_pb_text admin_label=\u00bbText\u00bb background_layout=\u00bblight\u00bb text_orientation=\u00bbleft\u00bb]<\/p>\n<h3 style=\"text-align: center;\"><span style=\"color: #000000;\">Si tienes una empresa de rotulos o anuncios publicitarios no dudes en ponerte en contacto con nosotros poseeomos much\u00edsima experiencia en el sector.<\/span><\/h3>\n<p>[\/et_pb_text][et_pb_text admin_label=\u00bbText\u00bb background_layout=\u00bblight\u00bb text_orientation=\u00bbleft\u00bb]<\/p>\n<p class=\"UNO\" align=\"justify\"><span class=\"LETRAS\" style=\"color: #000000;\">Adem\u00e1s de r\u00f3tulos de anclaje en fachadas nuestra extensa gama tambi\u00e9n comprende monolitos y monopostes para anclaje al suelo; r\u00f3tulos en relieve con estructuras para tejados de edificios y naves industriales; se\u00f1alizaci\u00f3n integral para interior y exterior.<\/span><\/p>\n<p class=\"UNO\"><span class=\"LETRAS\" style=\"color: #000000;\">Somos especialistas en trabajar tanto para\u00a0<\/span><span class=\"NEGRITA\" style=\"font-weight: bold;\">PARTICULARES<\/span><span class=\"LETRAS\" style=\"color: #000000;\">\u00a0como para<span class=\"NEGRITA\" style=\"font-weight: bold;\">\u00a0ROTULITAS.<\/span><\/span><\/p>\n<p>[\/et_pb_text][et_pb_text admin_label=\u00bbText\u00bb] [\/et_pb_text][et_pb_gallery admin_label=\u00bbGallery\u00bb gallery_ids=\u00bb416,458,417,418,419,474,484,421,422,423,424,425,427,428,429,431,432,433,437&#8243; fullwidth=\u00bboff\u00bb posts_number=\u00bb16&#8243; show_title_and_caption=\u00bboff\u00bb show_pagination=\u00bbon\u00bb background_layout=\u00bblight\u00bb auto=\u00bboff\u00bb hover_overlay_color=\u00bbrgba(255,255,255,0.9)\u00bb caption_all_caps=\u00bboff\u00bb use_border_color=\u00bboff\u00bb border_color=\u00bb#ffffff\u00bb border_style=\u00bbsolid\u00bb] [\/et_pb_gallery][\/et_pb_column][\/et_pb_row][\/et_pb_section]<\/p>\n","protected":false},"excerpt":{"rendered":"<p>En\u00a0Cerrajer\u00eda Sanju\u00e1n, realizamos e instalamos todo tipo de Estructuras y R\u00f3tulos para el mundo de la rotulaci\u00f3n: Caballetes Carteleria Luminosos Letras de gran tama\u00f1o Se\u00f1ales Vallas publicitarias Rotulos en Forja Si tienes una empresa de rotulos o anuncios publicitarios no dudes en ponerte en contacto con nosotros poseeomos much\u00edsima experiencia en el sector. Adem\u00e1s de [&hellip;]<\/p>\n","protected":false},"author":1,"featured_media":0,"parent":0,"menu_order":0,"comment_status":"open","ping_status":"open","template":"","meta":{"_et_pb_use_builder":"on","_et_pb_old_content":"","_et_gb_content_width":"","_joinchat":[],"footnotes":""},"class_list":["post-128","page","type-page","status-publish","hentry"],"yoast_head":"<!-- This site is optimized with the Yoast SEO plugin v23.6 - https:\/\/yoast.com\/wordpress\/plugins\/seo\/ -->\n<title>ROTULOS - CERRAJERIA SANJUAN<\/title>\n<meta name=\"robots\" content=\"index, follow, max-snippet:-1, max-image-preview:large, max-video-preview:-1\" \/>\n<link rel=\"canonical\" href=\"http:\/\/www.cerrajeriasanjuan.com\/es\/rotulos\/\" \/>\n<meta property=\"og:locale\" content=\"es_ES\" \/>\n<meta property=\"og:type\" content=\"article\" \/>\n<meta property=\"og:title\" content=\"ROTULOS - CERRAJERIA SANJUAN\" \/>\n<meta property=\"og:description\" content=\"En\u00a0Cerrajer\u00eda Sanju\u00e1n, realizamos e instalamos todo tipo de Estructuras y R\u00f3tulos para el mundo de la rotulaci\u00f3n: Caballetes Carteleria Luminosos Letras de gran tama\u00f1o Se\u00f1ales Vallas publicitarias Rotulos en Forja Si tienes una empresa de rotulos o anuncios publicitarios no dudes en ponerte en contacto con nosotros poseeomos much\u00edsima experiencia en el sector. Adem\u00e1s de [&hellip;]\" \/>\n<meta property=\"og:url\" content=\"http:\/\/www.cerrajeriasanjuan.com\/es\/rotulos\/\" \/>\n<meta property=\"og:site_name\" content=\"CERRAJERIA SANJUAN\" \/>\n<meta property=\"article:modified_time\" content=\"2015-11-14T07:32:44+00:00\" \/>\n<meta name=\"twitter:card\" content=\"summary_large_image\" \/>\n<meta name=\"twitter:label1\" content=\"Tiempo de lectura\" \/>\n\t<meta name=\"twitter:data1\" content=\"1 minuto\" \/>\n<script type=\"application\/ld+json\" class=\"yoast-schema-graph\">{\"@context\":\"https:\/\/schema.org\",\"@graph\":[{\"@type\":\"WebPage\",\"@id\":\"http:\/\/www.cerrajeriasanjuan.com\/es\/rotulos\/\",\"url\":\"http:\/\/www.cerrajeriasanjuan.com\/es\/rotulos\/\",\"name\":\"ROTULOS - CERRAJERIA SANJUAN\",\"isPartOf\":{\"@id\":\"http:\/\/www.cerrajeriasanjuan.com\/es\/#website\"},\"datePublished\":\"2014-07-09T16:37:39+00:00\",\"dateModified\":\"2015-11-14T07:32:44+00:00\",\"breadcrumb\":{\"@id\":\"http:\/\/www.cerrajeriasanjuan.com\/es\/rotulos\/#breadcrumb\"},\"inLanguage\":\"es\",\"potentialAction\":[{\"@type\":\"ReadAction\",\"target\":[\"http:\/\/www.cerrajeriasanjuan.com\/es\/rotulos\/\"]}]},{\"@type\":\"BreadcrumbList\",\"@id\":\"http:\/\/www.cerrajeriasanjuan.com\/es\/rotulos\/#breadcrumb\",\"itemListElement\":[{\"@type\":\"ListItem\",\"position\":1,\"name\":\"Portada\",\"item\":\"http:\/\/www.cerrajeriasanjuan.com\/es\/\"},{\"@type\":\"ListItem\",\"position\":2,\"name\":\"ROTULOS\"}]},{\"@type\":\"WebSite\",\"@id\":\"http:\/\/www.cerrajeriasanjuan.com\/es\/#website\",\"url\":\"http:\/\/www.cerrajeriasanjuan.com\/es\/\",\"name\":\"CERRAJERIA SANJUAN\",\"description\":\"CERRAJERIA EN MARBELLA, rotulos, vallas publicitarias, luminosos, carteleria.\",\"potentialAction\":[{\"@type\":\"SearchAction\",\"target\":{\"@type\":\"EntryPoint\",\"urlTemplate\":\"http:\/\/www.cerrajeriasanjuan.com\/es\/?s={search_term_string}\"},\"query-input\":{\"@type\":\"PropertyValueSpecification\",\"valueRequired\":true,\"valueName\":\"search_term_string\"}}],\"inLanguage\":\"es\"}]}<\/script>\n<!-- \/ Yoast SEO plugin. -->","yoast_head_json":{"title":"ROTULOS - CERRAJERIA SANJUAN","robots":{"index":"index","follow":"follow","max-snippet":"max-snippet:-1","max-image-preview":"max-image-preview:large","max-video-preview":"max-video-preview:-1"},"canonical":"http:\/\/www.cerrajeriasanjuan.com\/es\/rotulos\/","og_locale":"es_ES","og_type":"article","og_title":"ROTULOS - CERRAJERIA SANJUAN","og_description":"En\u00a0Cerrajer\u00eda Sanju\u00e1n, realizamos e instalamos todo tipo de Estructuras y R\u00f3tulos para el mundo de la rotulaci\u00f3n: Caballetes Carteleria Luminosos Letras de gran tama\u00f1o Se\u00f1ales Vallas publicitarias Rotulos en Forja Si tienes una empresa de rotulos o anuncios publicitarios no dudes en ponerte en contacto con nosotros poseeomos much\u00edsima experiencia en el sector. Adem\u00e1s de [&hellip;]","og_url":"http:\/\/www.cerrajeriasanjuan.com\/es\/rotulos\/","og_site_name":"CERRAJERIA SANJUAN","article_modified_time":"2015-11-14T07:32:44+00:00","twitter_card":"summary_large_image","twitter_misc":{"Tiempo de lectura":"1 minuto"},"schema":{"@context":"https:\/\/schema.org","@graph":[{"@type":"WebPage","@id":"http:\/\/www.cerrajeriasanjuan.com\/es\/rotulos\/","url":"http:\/\/www.cerrajeriasanjuan.com\/es\/rotulos\/","name":"ROTULOS - CERRAJERIA SANJUAN","isPartOf":{"@id":"http:\/\/www.cerrajeriasanjuan.com\/es\/#website"},"datePublished":"2014-07-09T16:37:39+00:00","dateModified":"2015-11-14T07:32:44+00:00","breadcrumb":{"@id":"http:\/\/www.cerrajeriasanjuan.com\/es\/rotulos\/#breadcrumb"},"inLanguage":"es","potentialAction":[{"@type":"ReadAction","target":["http:\/\/www.cerrajeriasanjuan.com\/es\/rotulos\/"]}]},{"@type":"BreadcrumbList","@id":"http:\/\/www.cerrajeriasanjuan.com\/es\/rotulos\/#breadcrumb","itemListElement":[{"@type":"ListItem","position":1,"name":"Portada","item":"http:\/\/www.cerrajeriasanjuan.com\/es\/"},{"@type":"ListItem","position":2,"name":"ROTULOS"}]},{"@type":"WebSite","@id":"http:\/\/www.cerrajeriasanjuan.com\/es\/#website","url":"http:\/\/www.cerrajeriasanjuan.com\/es\/","name":"CERRAJERIA SANJUAN","description":"CERRAJERIA EN MARBELLA, rotulos, vallas publicitarias, luminosos, carteleria.","potentialAction":[{"@type":"SearchAction","target":{"@type":"EntryPoint","urlTemplate":"http:\/\/www.cerrajeriasanjuan.com\/es\/?s={search_term_string}"},"query-input":{"@type":"PropertyValueSpecification","valueRequired":true,"valueName":"search_term_string"}}],"inLanguage":"es"}]}},"_links":{"self":[{"href":"http:\/\/www.cerrajeriasanjuan.com\/es\/wp-json\/wp\/v2\/pages\/128"}],"collection":[{"href":"http:\/\/www.cerrajeriasanjuan.com\/es\/wp-json\/wp\/v2\/pages"}],"about":[{"href":"http:\/\/www.cerrajeriasanjuan.com\/es\/wp-json\/wp\/v2\/types\/page"}],"author":[{"embeddable":true,"href":"http:\/\/www.cerrajeriasanjuan.com\/es\/wp-json\/wp\/v2\/users\/1"}],"replies":[{"embeddable":true,"href":"http:\/\/www.cerrajeriasanjuan.com\/es\/wp-json\/wp\/v2\/comments?post=128"}],"version-history":[{"count":15,"href":"http:\/\/www.cerrajeriasanjuan.com\/es\/wp-json\/wp\/v2\/pages\/128\/revisions"}],"predecessor-version":[{"id":514,"href":"http:\/\/www.cerrajeriasanjuan.com\/es\/wp-json\/wp\/v2\/pages\/128\/revisions\/514"}],"wp:attachment":[{"href":"http:\/\/www.cerrajeriasanjuan.com\/es\/wp-json\/wp\/v2\/media?parent=128"}],"curies":[{"name":"wp","href":"https:\/\/api.w.org\/{rel}","templated":true}]}}