{"id":140,"date":"2014-07-09T16:43:39","date_gmt":"2014-07-09T16:43:39","guid":{"rendered":"http:\/\/www.cerrajeriasanjuan.com\/es\/?page_id=140"},"modified":"2021-01-04T11:47:31","modified_gmt":"2021-01-04T11:47:31","slug":"plegado-de-chapas","status":"publish","type":"page","link":"http:\/\/www.cerrajeriasanjuan.com\/es\/chapas\/plegado-de-chapas\/","title":{"rendered":"PLEGADO DE CHAPAS"},"content":{"rendered":"<p>[et_pb_section fb_built=\u00bb1&#8243; _builder_version=\u00bb3.22&#8243;][et_pb_row column_structure=\u00bb1_2,1_2&#8243; _builder_version=\u00bb3.25&#8243; background_size=\u00bbinitial\u00bb background_position=\u00bbtop_left\u00bb background_repeat=\u00bbrepeat\u00bb][et_pb_column type=\u00bb1_2&#8243; _builder_version=\u00bb3.25&#8243; custom_padding=\u00bb|||\u00bb custom_padding__hover=\u00bb|||\u00bb][et_pb_text admin_label=\u00bbText\u00bb _builder_version=\u00bb4.7.6&#8243; background_size=\u00bbinitial\u00bb background_position=\u00bbtop_left\u00bb background_repeat=\u00bbrepeat\u00bb]Si el plegado de chapas met\u00e1licas no se realiza correctamente, todos los procesos posteriores como el montaje, la soldadura o la pintura ser\u00e1n afectados entorpeciendo el maniobrado y subiendo los costes de producci\u00f3n ser\u00e1n m\u00e1s altos. Por esto, es importante que conf\u00edes en un\u00a0<strong>proveedor de plegado de chapa de alta precisi\u00f3n<\/strong>\u00a0como nosotros.<\/p>\n<p>Nuestro objetivo es garantizar la m\u00e1xima eficiencia en el proceso, por ello contamos con unas m\u00e1quinas de\u00a0<em>plegado de chapa cnc de alta tecnolog\u00eda<\/em>. Con ellas podemos ser los m\u00e1s eficientes en cuanto a tiempos y con la seguridad de conseguir un producto que se adapta a las exigencias y necesidades de cada proyecto.<\/p>\n<p class=\"texto\" style=\"color: #000000; text-align: justify;\">Realizamos corte y plegado a\u00a0medida bajo plano de las chapas\u00a0que se suministran, siendo m\u00e1s facil el trabajo posterior de estos materiales.<\/p>\n<p class=\"texto\" style=\"color: #000000; text-align: justify;\">Este trabajos los realizamos para cubrir cualquiera de las necesidades de distintos sectores:<\/p>\n<div style=\"color: #000000;\">\n<ul>\n<li class=\"texto\" style=\"color: #000000; text-align: justify;\">Construcci\u00f3n met\u00e1lica industrial canalones, remate, aireadores, cumbreras,&#8230;<\/li>\n<li class=\"texto\" style=\"color: #000000; text-align: justify;\">Fabricaci\u00f3n agr\u00edcola, tableros, pilares, pisos,<\/li>\n<li class=\"texto\" style=\"color: #000000; text-align: justify;\">Ingenier\u00eda industrial, calderer\u00eda, carpinter\u00eda met\u00e1lica<\/li>\n<\/ul>\n<\/div>\n<p>[\/et_pb_text][\/et_pb_column][et_pb_column type=\u00bb1_2&#8243; _builder_version=\u00bb3.25&#8243; custom_padding=\u00bb|||\u00bb custom_padding__hover=\u00bb|||\u00bb][et_pb_gallery gallery_ids=\u00bb315,316,317,318&#8243; show_title_and_caption=\u00bboff\u00bb admin_label=\u00bbGallery\u00bb _builder_version=\u00bb3.0.47&#8243; custom_margin=\u00bb41px|||||\u00bb][\/et_pb_gallery][\/et_pb_column][\/et_pb_row][\/et_pb_section][et_pb_section fb_built=\u00bb1&#8243; _builder_version=\u00bb4.7.6&#8243; _module_preset=\u00bbdefault\u00bb][et_pb_row _builder_version=\u00bb4.7.6&#8243; _module_preset=\u00bbdefault\u00bb][et_pb_column _builder_version=\u00bb4.7.6&#8243; _module_preset=\u00bbdefault\u00bb type=\u00bb4_4&#8243;][et_pb_text _builder_version=\u00bb4.7.6&#8243; _module_preset=\u00bbdefault\u00bb hover_enabled=\u00bb0&#8243; sticky_enabled=\u00bb0&#8243;]<\/p>\n<h1 style=\"text-align: center;\"><strong>\u00a0Plegado de chapas hasta 3 metros largo\u00a0\u00a0y hasta 6 mm de grosor<\/strong><\/h1>\n<p>[\/et_pb_text][\/et_pb_column][\/et_pb_row][\/et_pb_section]<\/p>\n","protected":false},"excerpt":{"rendered":"<p>Si el plegado de chapas met\u00e1licas no se realiza correctamente, todos los procesos posteriores como el montaje, la soldadura o la pintura ser\u00e1n afectados entorpeciendo el maniobrado y subiendo los costes de producci\u00f3n ser\u00e1n m\u00e1s altos. Por esto, es importante que conf\u00edes en un\u00a0proveedor de plegado de chapa de alta precisi\u00f3n\u00a0como nosotros. Nuestro objetivo es [&hellip;]<\/p>\n","protected":false},"author":1,"featured_media":0,"parent":137,"menu_order":0,"comment_status":"open","ping_status":"open","template":"","meta":{"_et_pb_use_builder":"on","_et_pb_old_content":"","_et_gb_content_width":"","_joinchat":[],"footnotes":""},"class_list":["post-140","page","type-page","status-publish","hentry"],"yoast_head":"<!-- This site is optimized with the Yoast SEO plugin v23.6 - https:\/\/yoast.com\/wordpress\/plugins\/seo\/ -->\n<title>PLEGADO DE CHAPAS - CERRAJERIA SANJUAN<\/title>\n<meta name=\"robots\" content=\"index, follow, max-snippet:-1, max-image-preview:large, max-video-preview:-1\" \/>\n<link rel=\"canonical\" href=\"http:\/\/www.cerrajeriasanjuan.com\/es\/chapas\/plegado-de-chapas\/\" \/>\n<meta property=\"og:locale\" content=\"es_ES\" \/>\n<meta property=\"og:type\" content=\"article\" \/>\n<meta property=\"og:title\" content=\"PLEGADO DE CHAPAS - CERRAJERIA SANJUAN\" \/>\n<meta property=\"og:description\" content=\"Si el plegado de chapas met\u00e1licas no se realiza correctamente, todos los procesos posteriores como el montaje, la soldadura o la pintura ser\u00e1n afectados entorpeciendo el maniobrado y subiendo los costes de producci\u00f3n ser\u00e1n m\u00e1s altos. Por esto, es importante que conf\u00edes en un\u00a0proveedor de plegado de chapa de alta precisi\u00f3n\u00a0como nosotros. Nuestro objetivo es [&hellip;]\" \/>\n<meta property=\"og:url\" content=\"http:\/\/www.cerrajeriasanjuan.com\/es\/chapas\/plegado-de-chapas\/\" \/>\n<meta property=\"og:site_name\" content=\"CERRAJERIA SANJUAN\" \/>\n<meta property=\"article:modified_time\" content=\"2021-01-04T11:47:31+00:00\" \/>\n<meta name=\"twitter:card\" content=\"summary_large_image\" \/>\n<meta name=\"twitter:label1\" content=\"Tiempo de lectura\" \/>\n\t<meta name=\"twitter:data1\" content=\"2 minutos\" \/>\n<script type=\"application\/ld+json\" class=\"yoast-schema-graph\">{\"@context\":\"https:\/\/schema.org\",\"@graph\":[{\"@type\":\"WebPage\",\"@id\":\"http:\/\/www.cerrajeriasanjuan.com\/es\/chapas\/plegado-de-chapas\/\",\"url\":\"http:\/\/www.cerrajeriasanjuan.com\/es\/chapas\/plegado-de-chapas\/\",\"name\":\"PLEGADO DE CHAPAS - CERRAJERIA SANJUAN\",\"isPartOf\":{\"@id\":\"http:\/\/www.cerrajeriasanjuan.com\/es\/#website\"},\"datePublished\":\"2014-07-09T16:43:39+00:00\",\"dateModified\":\"2021-01-04T11:47:31+00:00\",\"breadcrumb\":{\"@id\":\"http:\/\/www.cerrajeriasanjuan.com\/es\/chapas\/plegado-de-chapas\/#breadcrumb\"},\"inLanguage\":\"es\",\"potentialAction\":[{\"@type\":\"ReadAction\",\"target\":[\"http:\/\/www.cerrajeriasanjuan.com\/es\/chapas\/plegado-de-chapas\/\"]}]},{\"@type\":\"BreadcrumbList\",\"@id\":\"http:\/\/www.cerrajeriasanjuan.com\/es\/chapas\/plegado-de-chapas\/#breadcrumb\",\"itemListElement\":[{\"@type\":\"ListItem\",\"position\":1,\"name\":\"Portada\",\"item\":\"http:\/\/www.cerrajeriasanjuan.com\/es\/\"},{\"@type\":\"ListItem\",\"position\":2,\"name\":\"CHAPAS\",\"item\":\"http:\/\/www.cerrajeriasanjuan.com\/es\/chapas\/\"},{\"@type\":\"ListItem\",\"position\":3,\"name\":\"PLEGADO DE CHAPAS\"}]},{\"@type\":\"WebSite\",\"@id\":\"http:\/\/www.cerrajeriasanjuan.com\/es\/#website\",\"url\":\"http:\/\/www.cerrajeriasanjuan.com\/es\/\",\"name\":\"CERRAJERIA SANJUAN\",\"description\":\"CERRAJERIA EN MARBELLA, rotulos, vallas publicitarias, luminosos, carteleria.\",\"potentialAction\":[{\"@type\":\"SearchAction\",\"target\":{\"@type\":\"EntryPoint\",\"urlTemplate\":\"http:\/\/www.cerrajeriasanjuan.com\/es\/?s={search_term_string}\"},\"query-input\":{\"@type\":\"PropertyValueSpecification\",\"valueRequired\":true,\"valueName\":\"search_term_string\"}}],\"inLanguage\":\"es\"}]}<\/script>\n<!-- \/ Yoast SEO plugin. -->","yoast_head_json":{"title":"PLEGADO DE CHAPAS - CERRAJERIA SANJUAN","robots":{"index":"index","follow":"follow","max-snippet":"max-snippet:-1","max-image-preview":"max-image-preview:large","max-video-preview":"max-video-preview:-1"},"canonical":"http:\/\/www.cerrajeriasanjuan.com\/es\/chapas\/plegado-de-chapas\/","og_locale":"es_ES","og_type":"article","og_title":"PLEGADO DE CHAPAS - CERRAJERIA SANJUAN","og_description":"Si el plegado de chapas met\u00e1licas no se realiza correctamente, todos los procesos posteriores como el montaje, la soldadura o la pintura ser\u00e1n afectados entorpeciendo el maniobrado y subiendo los costes de producci\u00f3n ser\u00e1n m\u00e1s altos. Por esto, es importante que conf\u00edes en un\u00a0proveedor de plegado de chapa de alta precisi\u00f3n\u00a0como nosotros. Nuestro objetivo es [&hellip;]","og_url":"http:\/\/www.cerrajeriasanjuan.com\/es\/chapas\/plegado-de-chapas\/","og_site_name":"CERRAJERIA SANJUAN","article_modified_time":"2021-01-04T11:47:31+00:00","twitter_card":"summary_large_image","twitter_misc":{"Tiempo de lectura":"2 minutos"},"schema":{"@context":"https:\/\/schema.org","@graph":[{"@type":"WebPage","@id":"http:\/\/www.cerrajeriasanjuan.com\/es\/chapas\/plegado-de-chapas\/","url":"http:\/\/www.cerrajeriasanjuan.com\/es\/chapas\/plegado-de-chapas\/","name":"PLEGADO DE CHAPAS - CERRAJERIA SANJUAN","isPartOf":{"@id":"http:\/\/www.cerrajeriasanjuan.com\/es\/#website"},"datePublished":"2014-07-09T16:43:39+00:00","dateModified":"2021-01-04T11:47:31+00:00","breadcrumb":{"@id":"http:\/\/www.cerrajeriasanjuan.com\/es\/chapas\/plegado-de-chapas\/#breadcrumb"},"inLanguage":"es","potentialAction":[{"@type":"ReadAction","target":["http:\/\/www.cerrajeriasanjuan.com\/es\/chapas\/plegado-de-chapas\/"]}]},{"@type":"BreadcrumbList","@id":"http:\/\/www.cerrajeriasanjuan.com\/es\/chapas\/plegado-de-chapas\/#breadcrumb","itemListElement":[{"@type":"ListItem","position":1,"name":"Portada","item":"http:\/\/www.cerrajeriasanjuan.com\/es\/"},{"@type":"ListItem","position":2,"name":"CHAPAS","item":"http:\/\/www.cerrajeriasanjuan.com\/es\/chapas\/"},{"@type":"ListItem","position":3,"name":"PLEGADO DE CHAPAS"}]},{"@type":"WebSite","@id":"http:\/\/www.cerrajeriasanjuan.com\/es\/#website","url":"http:\/\/www.cerrajeriasanjuan.com\/es\/","name":"CERRAJERIA SANJUAN","description":"CERRAJERIA EN MARBELLA, rotulos, vallas publicitarias, luminosos, carteleria.","potentialAction":[{"@type":"SearchAction","target":{"@type":"EntryPoint","urlTemplate":"http:\/\/www.cerrajeriasanjuan.com\/es\/?s={search_term_string}"},"query-input":{"@type":"PropertyValueSpecification","valueRequired":true,"valueName":"search_term_string"}}],"inLanguage":"es"}]}},"_links":{"self":[{"href":"http:\/\/www.cerrajeriasanjuan.com\/es\/wp-json\/wp\/v2\/pages\/140"}],"collection":[{"href":"http:\/\/www.cerrajeriasanjuan.com\/es\/wp-json\/wp\/v2\/pages"}],"about":[{"href":"http:\/\/www.cerrajeriasanjuan.com\/es\/wp-json\/wp\/v2\/types\/page"}],"author":[{"embeddable":true,"href":"http:\/\/www.cerrajeriasanjuan.com\/es\/wp-json\/wp\/v2\/users\/1"}],"replies":[{"embeddable":true,"href":"http:\/\/www.cerrajeriasanjuan.com\/es\/wp-json\/wp\/v2\/comments?post=140"}],"version-history":[{"count":12,"href":"http:\/\/www.cerrajeriasanjuan.com\/es\/wp-json\/wp\/v2\/pages\/140\/revisions"}],"predecessor-version":[{"id":895,"href":"http:\/\/www.cerrajeriasanjuan.com\/es\/wp-json\/wp\/v2\/pages\/140\/revisions\/895"}],"up":[{"embeddable":true,"href":"http:\/\/www.cerrajeriasanjuan.com\/es\/wp-json\/wp\/v2\/pages\/137"}],"wp:attachment":[{"href":"http:\/\/www.cerrajeriasanjuan.com\/es\/wp-json\/wp\/v2\/media?parent=140"}],"curies":[{"name":"wp","href":"https:\/\/api.w.org\/{rel}","templated":true}]}}