{"id":155,"date":"2014-07-11T11:06:26","date_gmt":"2014-07-11T11:06:26","guid":{"rendered":"http:\/\/www.cerrajeriasanjuan.com\/es\/?page_id=155"},"modified":"2019-10-22T05:12:03","modified_gmt":"2019-10-22T05:12:03","slug":"barbacoas","status":"publish","type":"page","link":"http:\/\/www.cerrajeriasanjuan.com\/es\/cerrajeria\/barbacoas\/","title":{"rendered":"BARBACOAS"},"content":{"rendered":"<p>[et_pb_section fb_built=\u00bb1&#8243; admin_label=\u00bbsection\u00bb _builder_version=\u00bb3.22&#8243;][et_pb_row admin_label=\u00bbrow\u00bb _builder_version=\u00bb3.25&#8243; background_size=\u00bbinitial\u00bb background_position=\u00bbtop_left\u00bb background_repeat=\u00bbrepeat\u00bb][et_pb_column type=\u00bb4_4&#8243; _builder_version=\u00bb3.25&#8243; custom_padding=\u00bb|||\u00bb custom_padding__hover=\u00bb|||\u00bb][et_pb_text admin_label=\u00bbText\u00bb _builder_version=\u00bb3.27.4&#8243; background_size=\u00bbinitial\u00bb background_position=\u00bbtop_left\u00bb background_repeat=\u00bbrepeat\u00bb]<\/p>\n<p class=\"texto\" style=\"color: #000000; text-align: justify;\" align=\"left\">Realizamos Barbacoas y hornos tanto industriales, para negocios de Restaurantes, como para particulares adaptadas en cada caso a sus condiciones, ofreci\u00e9ndoles una amplia gama e dise\u00f1os que se ajustan a sus necesidades, pueden utilizarse tanto con le\u00f1a, carb\u00f3n vegetal o gas.<\/p>\n<p class=\"LETRAS\" style=\"color: #000000; text-align: justify;\" align=\"justify\"><span class=\"texto\" style=\"color: #000000;\"><span class=\"LETRAS\" style=\"color: #000000;\"><span class=\"texto\" style=\"color: #000000;\">Hornos de gran capacidad, con puerta cristal vitrocer\u00e1mica, term\u00f3metro, bandeja acero inoxidable refractario. Barbacoas con m\u00f3dulo interior de acero inoxidable, especial para altas temperaturas, con el fin de evitar deformaciones. Modelos de barbacoas con multiples dise\u00f1os y prestaciones, hornos dele\u00f1a, conjuntos de barbacoas-horno, barbacoas modulares&#8230;<\/span><\/span><\/span><\/p>\n<p>[\/et_pb_text][et_pb_gallery gallery_ids=\u00bb485,486,202,203,204,205,206,207,208,209&#8243; posts_number=\u00bb8&#8243; show_title_and_caption=\u00bboff\u00bb show_pagination=\u00bboff\u00bb admin_label=\u00bbGallery\u00bb _builder_version=\u00bb3.0.47&#8243;][\/et_pb_gallery][et_pb_text admin_label=\u00bbText\u00bb _builder_version=\u00bb3.27.4&#8243; background_size=\u00bbinitial\u00bb background_position=\u00bbtop_left\u00bb background_repeat=\u00bbrepeat\u00bb]<\/p>\n<h2 style=\"text-align: center;\"><span style=\"color: #000000;\">Ademas realizamos si desea el modelo a medida que necesite.<\/span><\/h2>\n<p>[\/et_pb_text][\/et_pb_column][\/et_pb_row][et_pb_row column_structure=\u00bb1_2,1_2&#8243; _builder_version=\u00bb3.25&#8243; background_size=\u00bbinitial\u00bb background_position=\u00bbtop_left\u00bb background_repeat=\u00bbrepeat\u00bb][et_pb_column type=\u00bb1_2&#8243; _builder_version=\u00bb3.25&#8243; custom_padding=\u00bb|||\u00bb custom_padding__hover=\u00bb|||\u00bb][et_pb_text _builder_version=\u00bb4.0.2&#8243; background_size=\u00bbinitial\u00bb background_position=\u00bbtop_left\u00bb background_repeat=\u00bbrepeat\u00bb hover_enabled=\u00bb0&#8243;]<\/p>\n<p>&nbsp;<\/p>\n<p>&nbsp;<\/p>\n<p><em><span style=\"font-size: x-large;\">Se fabrican <strong><a href=\"http:\/\/espetossanjuan.com\/\">espetos en acero inoxidable<\/a>,<\/strong>\u00a0somos fabricante y podemos fabricar diferentes medidas o modelos. Perfecto para tu barbacoa o tu restaurante, visita nuestra tienda online de <a href=\"http:\/\/espetossanjuan.com\/\">venta de espetos acero inoxidable<\/a><br \/> <\/span><\/em><\/p>\n<p><a href=\"http:\/\/espetossanjuan.com\/\"><img loading=\"lazy\" decoding=\"async\" class=\"aligncenter wp-image-793\" src=\"http:\/\/www.cerrajeriasanjuan.com\/wp-content\/uploads\/2018\/02\/resplandor.png\" alt=\"\" width=\"621\" height=\"229\" srcset=\"http:\/\/www.cerrajeriasanjuan.com\/wp-content\/uploads\/2018\/02\/resplandor.png 795w, http:\/\/www.cerrajeriasanjuan.com\/wp-content\/uploads\/2018\/02\/resplandor-300x111.png 300w, http:\/\/www.cerrajeriasanjuan.com\/wp-content\/uploads\/2018\/02\/resplandor-768x283.png 768w\" sizes=\"(max-width: 621px) 100vw, 621px\" \/><\/a><\/p>\n<p>[\/et_pb_text][\/et_pb_column][et_pb_column type=\u00bb1_2&#8243; _builder_version=\u00bb3.25&#8243; custom_padding=\u00bb|||\u00bb custom_padding__hover=\u00bb|||\u00bb][et_pb_image src=\u00bbhttp:\/\/www.cerrajeriasanjuan.com\/wp-content\/uploads\/2014\/07\/espetosacero.jpg\u00bb align_tablet=\u00bbcenter\u00bb align_phone=\u00bb\u00bb align_last_edited=\u00bbon|desktop\u00bb _builder_version=\u00bb3.23&#8243; animation_style=\u00bbslide\u00bb animation_direction=\u00bbleft\u00bb animation_duration=\u00bb500ms\u00bb animation_intensity_slide=\u00bb10%\u00bb][\/et_pb_image][\/et_pb_column][\/et_pb_row][et_pb_row _builder_version=\u00bb3.25&#8243; background_size=\u00bbinitial\u00bb background_position=\u00bbtop_left\u00bb background_repeat=\u00bbrepeat\u00bb][et_pb_column type=\u00bb4_4&#8243; _builder_version=\u00bb3.25&#8243; custom_padding=\u00bb|||\u00bb custom_padding__hover=\u00bb|||\u00bb][et_pb_text _builder_version=\u00bb3.27.4&#8243; background_size=\u00bbinitial\u00bb background_position=\u00bbtop_left\u00bb background_repeat=\u00bbrepeat\u00bb use_border_color=\u00bboff\u00bb border_color=\u00bb#ffffff\u00bb border_style=\u00bbsolid\u00bb]\n\t\t<style type=\"text\/css\">\n\t\t\t#gallery-1 {\n\t\t\t\tmargin: auto;\n\t\t\t}\n\t\t\t#gallery-1 .gallery-item {\n\t\t\t\tfloat: left;\n\t\t\t\tmargin-top: 10px;\n\t\t\t\ttext-align: center;\n\t\t\t\twidth: 25%;\n\t\t\t}\n\t\t\t#gallery-1 img {\n\t\t\t\tborder: 2px solid #cfcfcf;\n\t\t\t}\n\t\t\t#gallery-1 .gallery-caption {\n\t\t\t\tmargin-left: 0;\n\t\t\t}\n\t\t\t\/* see gallery_shortcode() in wp-includes\/media.php *\/\n\t\t<\/style>\n\t\t<div id='gallery-1' class='gallery galleryid-155 gallery-columns-4 gallery-size-full'><dl class='gallery-item'>\n\t\t\t<dt class='gallery-icon portrait'>\n\t\t\t\t<a href='http:\/\/www.cerrajeriasanjuan.com\/wp-content\/uploads\/2014\/07\/e1767028-ff06-4c3f-9f6c-b6025655b746.jpeg'><img loading=\"lazy\" decoding=\"async\" width=\"1200\" height=\"1600\" src=\"http:\/\/www.cerrajeriasanjuan.com\/wp-content\/uploads\/2014\/07\/e1767028-ff06-4c3f-9f6c-b6025655b746.jpeg\" class=\"attachment-full size-full\" alt=\"\" srcset=\"http:\/\/www.cerrajeriasanjuan.com\/wp-content\/uploads\/2014\/07\/e1767028-ff06-4c3f-9f6c-b6025655b746.jpeg 1200w, http:\/\/www.cerrajeriasanjuan.com\/wp-content\/uploads\/2014\/07\/e1767028-ff06-4c3f-9f6c-b6025655b746-225x300.jpeg 225w, http:\/\/www.cerrajeriasanjuan.com\/wp-content\/uploads\/2014\/07\/e1767028-ff06-4c3f-9f6c-b6025655b746-768x1024.jpeg 768w, http:\/\/www.cerrajeriasanjuan.com\/wp-content\/uploads\/2014\/07\/e1767028-ff06-4c3f-9f6c-b6025655b746-1080x1440.jpeg 1080w\" sizes=\"(max-width: 1200px) 100vw, 1200px\" \/><\/a>\n\t\t\t<\/dt><\/dl><dl class='gallery-item'>\n\t\t\t<dt class='gallery-icon portrait'>\n\t\t\t\t<a href='http:\/\/www.cerrajeriasanjuan.com\/wp-content\/uploads\/2014\/07\/d5614b7e-75ce-408e-a626-37a889c60dbb.jpeg'><img loading=\"lazy\" decoding=\"async\" width=\"1194\" height=\"1600\" src=\"http:\/\/www.cerrajeriasanjuan.com\/wp-content\/uploads\/2014\/07\/d5614b7e-75ce-408e-a626-37a889c60dbb.jpeg\" class=\"attachment-full size-full\" alt=\"\" srcset=\"http:\/\/www.cerrajeriasanjuan.com\/wp-content\/uploads\/2014\/07\/d5614b7e-75ce-408e-a626-37a889c60dbb.jpeg 1194w, http:\/\/www.cerrajeriasanjuan.com\/wp-content\/uploads\/2014\/07\/d5614b7e-75ce-408e-a626-37a889c60dbb-224x300.jpeg 224w, http:\/\/www.cerrajeriasanjuan.com\/wp-content\/uploads\/2014\/07\/d5614b7e-75ce-408e-a626-37a889c60dbb-768x1029.jpeg 768w, http:\/\/www.cerrajeriasanjuan.com\/wp-content\/uploads\/2014\/07\/d5614b7e-75ce-408e-a626-37a889c60dbb-764x1024.jpeg 764w, http:\/\/www.cerrajeriasanjuan.com\/wp-content\/uploads\/2014\/07\/d5614b7e-75ce-408e-a626-37a889c60dbb-1080x1447.jpeg 1080w\" sizes=\"(max-width: 1194px) 100vw, 1194px\" \/><\/a>\n\t\t\t<\/dt><\/dl><dl class='gallery-item'>\n\t\t\t<dt class='gallery-icon portrait'>\n\t\t\t\t<a href='http:\/\/www.cerrajeriasanjuan.com\/wp-content\/uploads\/2014\/07\/29ac6e19-c004-4e32-9c16-df45e0bbb0ce.jpeg'><img loading=\"lazy\" decoding=\"async\" width=\"1200\" height=\"1600\" src=\"http:\/\/www.cerrajeriasanjuan.com\/wp-content\/uploads\/2014\/07\/29ac6e19-c004-4e32-9c16-df45e0bbb0ce.jpeg\" class=\"attachment-full size-full\" alt=\"\" srcset=\"http:\/\/www.cerrajeriasanjuan.com\/wp-content\/uploads\/2014\/07\/29ac6e19-c004-4e32-9c16-df45e0bbb0ce.jpeg 1200w, http:\/\/www.cerrajeriasanjuan.com\/wp-content\/uploads\/2014\/07\/29ac6e19-c004-4e32-9c16-df45e0bbb0ce-225x300.jpeg 225w, http:\/\/www.cerrajeriasanjuan.com\/wp-content\/uploads\/2014\/07\/29ac6e19-c004-4e32-9c16-df45e0bbb0ce-768x1024.jpeg 768w, http:\/\/www.cerrajeriasanjuan.com\/wp-content\/uploads\/2014\/07\/29ac6e19-c004-4e32-9c16-df45e0bbb0ce-1080x1440.jpeg 1080w\" sizes=\"(max-width: 1200px) 100vw, 1200px\" \/><\/a>\n\t\t\t<\/dt><\/dl><dl class='gallery-item'>\n\t\t\t<dt class='gallery-icon portrait'>\n\t\t\t\t<a href='http:\/\/www.cerrajeriasanjuan.com\/wp-content\/uploads\/2014\/07\/8a581d43-c2f8-4558-af9a-8e08c982f143.jpeg'><img loading=\"lazy\" decoding=\"async\" width=\"1200\" height=\"1600\" src=\"http:\/\/www.cerrajeriasanjuan.com\/wp-content\/uploads\/2014\/07\/8a581d43-c2f8-4558-af9a-8e08c982f143.jpeg\" class=\"attachment-full size-full\" alt=\"\" srcset=\"http:\/\/www.cerrajeriasanjuan.com\/wp-content\/uploads\/2014\/07\/8a581d43-c2f8-4558-af9a-8e08c982f143.jpeg 1200w, http:\/\/www.cerrajeriasanjuan.com\/wp-content\/uploads\/2014\/07\/8a581d43-c2f8-4558-af9a-8e08c982f143-225x300.jpeg 225w, http:\/\/www.cerrajeriasanjuan.com\/wp-content\/uploads\/2014\/07\/8a581d43-c2f8-4558-af9a-8e08c982f143-768x1024.jpeg 768w, http:\/\/www.cerrajeriasanjuan.com\/wp-content\/uploads\/2014\/07\/8a581d43-c2f8-4558-af9a-8e08c982f143-1080x1440.jpeg 1080w\" sizes=\"(max-width: 1200px) 100vw, 1200px\" \/><\/a>\n\t\t\t<\/dt><\/dl><br style=\"clear: both\" \/>\n\t\t<\/div>\n<br \/>\n[\/et_pb_text][\/et_pb_column][\/et_pb_row][\/et_pb_section]<\/p>\n","protected":false},"excerpt":{"rendered":"<p>Realizamos Barbacoas y hornos tanto industriales, para negocios de Restaurantes, como para particulares adaptadas en cada caso a sus condiciones, ofreci\u00e9ndoles una amplia gama e dise\u00f1os que se ajustan a sus necesidades, pueden utilizarse tanto con le\u00f1a, carb\u00f3n vegetal o gas. Hornos de gran capacidad, con puerta cristal vitrocer\u00e1mica, term\u00f3metro, bandeja acero inoxidable refractario. Barbacoas [&hellip;]<\/p>\n","protected":false},"author":1,"featured_media":0,"parent":144,"menu_order":0,"comment_status":"open","ping_status":"open","template":"","meta":{"_et_pb_use_builder":"on","_et_pb_old_content":"","_et_gb_content_width":"","_joinchat":[],"footnotes":""},"class_list":["post-155","page","type-page","status-publish","hentry"],"yoast_head":"<!-- This site is optimized with the Yoast SEO plugin v23.6 - https:\/\/yoast.com\/wordpress\/plugins\/seo\/ -->\n<title>BARBACOAS MARBELLA - CERRAJERIA SANJUAN<\/title>\n<meta name=\"robots\" content=\"index, follow, max-snippet:-1, max-image-preview:large, max-video-preview:-1\" \/>\n<link rel=\"canonical\" href=\"http:\/\/www.cerrajeriasanjuan.com\/es\/cerrajeria\/barbacoas\/\" \/>\n<meta property=\"og:locale\" content=\"es_ES\" \/>\n<meta property=\"og:type\" content=\"article\" \/>\n<meta property=\"og:title\" content=\"BARBACOAS MARBELLA - CERRAJERIA SANJUAN\" \/>\n<meta property=\"og:description\" content=\"Realizamos Barbacoas y hornos tanto industriales, para negocios de Restaurantes, como para particulares adaptadas en cada caso a sus condiciones, ofreci\u00e9ndoles una amplia gama e dise\u00f1os que se ajustan a sus necesidades, pueden utilizarse tanto con le\u00f1a, carb\u00f3n vegetal o gas. Hornos de gran capacidad, con puerta cristal vitrocer\u00e1mica, term\u00f3metro, bandeja acero inoxidable refractario. Barbacoas [&hellip;]\" \/>\n<meta property=\"og:url\" content=\"http:\/\/www.cerrajeriasanjuan.com\/es\/cerrajeria\/barbacoas\/\" \/>\n<meta property=\"og:site_name\" content=\"CERRAJERIA SANJUAN\" \/>\n<meta property=\"article:modified_time\" content=\"2019-10-22T05:12:03+00:00\" \/>\n<meta property=\"og:image\" content=\"http:\/\/www.cerrajeriasanjuan.com\/wp-content\/uploads\/2018\/02\/resplandor.png\" \/>\n<meta name=\"twitter:card\" content=\"summary_large_image\" \/>\n<meta name=\"twitter:label1\" content=\"Tiempo de lectura\" \/>\n\t<meta name=\"twitter:data1\" content=\"2 minutos\" \/>\n<script type=\"application\/ld+json\" class=\"yoast-schema-graph\">{\"@context\":\"https:\/\/schema.org\",\"@graph\":[{\"@type\":\"WebPage\",\"@id\":\"http:\/\/www.cerrajeriasanjuan.com\/es\/cerrajeria\/barbacoas\/\",\"url\":\"http:\/\/www.cerrajeriasanjuan.com\/es\/cerrajeria\/barbacoas\/\",\"name\":\"BARBACOAS MARBELLA - CERRAJERIA SANJUAN\",\"isPartOf\":{\"@id\":\"http:\/\/www.cerrajeriasanjuan.com\/es\/#website\"},\"primaryImageOfPage\":{\"@id\":\"http:\/\/www.cerrajeriasanjuan.com\/es\/cerrajeria\/barbacoas\/#primaryimage\"},\"image\":{\"@id\":\"http:\/\/www.cerrajeriasanjuan.com\/es\/cerrajeria\/barbacoas\/#primaryimage\"},\"thumbnailUrl\":\"http:\/\/www.cerrajeriasanjuan.com\/wp-content\/uploads\/2018\/02\/resplandor.png\",\"datePublished\":\"2014-07-11T11:06:26+00:00\",\"dateModified\":\"2019-10-22T05:12:03+00:00\",\"breadcrumb\":{\"@id\":\"http:\/\/www.cerrajeriasanjuan.com\/es\/cerrajeria\/barbacoas\/#breadcrumb\"},\"inLanguage\":\"es\",\"potentialAction\":[{\"@type\":\"ReadAction\",\"target\":[\"http:\/\/www.cerrajeriasanjuan.com\/es\/cerrajeria\/barbacoas\/\"]}]},{\"@type\":\"ImageObject\",\"inLanguage\":\"es\",\"@id\":\"http:\/\/www.cerrajeriasanjuan.com\/es\/cerrajeria\/barbacoas\/#primaryimage\",\"url\":\"http:\/\/www.cerrajeriasanjuan.com\/wp-content\/uploads\/2018\/02\/resplandor.png\",\"contentUrl\":\"http:\/\/www.cerrajeriasanjuan.com\/wp-content\/uploads\/2018\/02\/resplandor.png\"},{\"@type\":\"BreadcrumbList\",\"@id\":\"http:\/\/www.cerrajeriasanjuan.com\/es\/cerrajeria\/barbacoas\/#breadcrumb\",\"itemListElement\":[{\"@type\":\"ListItem\",\"position\":1,\"name\":\"Portada\",\"item\":\"http:\/\/www.cerrajeriasanjuan.com\/es\/\"},{\"@type\":\"ListItem\",\"position\":2,\"name\":\"CERRAJERIA\",\"item\":\"http:\/\/www.cerrajeriasanjuan.com\/es\/cerrajeria\/\"},{\"@type\":\"ListItem\",\"position\":3,\"name\":\"BARBACOAS\"}]},{\"@type\":\"WebSite\",\"@id\":\"http:\/\/www.cerrajeriasanjuan.com\/es\/#website\",\"url\":\"http:\/\/www.cerrajeriasanjuan.com\/es\/\",\"name\":\"CERRAJERIA SANJUAN\",\"description\":\"CERRAJERIA EN MARBELLA, rotulos, vallas publicitarias, luminosos, carteleria.\",\"potentialAction\":[{\"@type\":\"SearchAction\",\"target\":{\"@type\":\"EntryPoint\",\"urlTemplate\":\"http:\/\/www.cerrajeriasanjuan.com\/es\/?s={search_term_string}\"},\"query-input\":{\"@type\":\"PropertyValueSpecification\",\"valueRequired\":true,\"valueName\":\"search_term_string\"}}],\"inLanguage\":\"es\"}]}<\/script>\n<!-- \/ Yoast SEO plugin. -->","yoast_head_json":{"title":"BARBACOAS MARBELLA - CERRAJERIA SANJUAN","robots":{"index":"index","follow":"follow","max-snippet":"max-snippet:-1","max-image-preview":"max-image-preview:large","max-video-preview":"max-video-preview:-1"},"canonical":"http:\/\/www.cerrajeriasanjuan.com\/es\/cerrajeria\/barbacoas\/","og_locale":"es_ES","og_type":"article","og_title":"BARBACOAS MARBELLA - CERRAJERIA SANJUAN","og_description":"Realizamos Barbacoas y hornos tanto industriales, para negocios de Restaurantes, como para particulares adaptadas en cada caso a sus condiciones, ofreci\u00e9ndoles una amplia gama e dise\u00f1os que se ajustan a sus necesidades, pueden utilizarse tanto con le\u00f1a, carb\u00f3n vegetal o gas. Hornos de gran capacidad, con puerta cristal vitrocer\u00e1mica, term\u00f3metro, bandeja acero inoxidable refractario. Barbacoas [&hellip;]","og_url":"http:\/\/www.cerrajeriasanjuan.com\/es\/cerrajeria\/barbacoas\/","og_site_name":"CERRAJERIA SANJUAN","article_modified_time":"2019-10-22T05:12:03+00:00","og_image":[{"url":"http:\/\/www.cerrajeriasanjuan.com\/wp-content\/uploads\/2018\/02\/resplandor.png"}],"twitter_card":"summary_large_image","twitter_misc":{"Tiempo de lectura":"2 minutos"},"schema":{"@context":"https:\/\/schema.org","@graph":[{"@type":"WebPage","@id":"http:\/\/www.cerrajeriasanjuan.com\/es\/cerrajeria\/barbacoas\/","url":"http:\/\/www.cerrajeriasanjuan.com\/es\/cerrajeria\/barbacoas\/","name":"BARBACOAS MARBELLA - CERRAJERIA SANJUAN","isPartOf":{"@id":"http:\/\/www.cerrajeriasanjuan.com\/es\/#website"},"primaryImageOfPage":{"@id":"http:\/\/www.cerrajeriasanjuan.com\/es\/cerrajeria\/barbacoas\/#primaryimage"},"image":{"@id":"http:\/\/www.cerrajeriasanjuan.com\/es\/cerrajeria\/barbacoas\/#primaryimage"},"thumbnailUrl":"http:\/\/www.cerrajeriasanjuan.com\/wp-content\/uploads\/2018\/02\/resplandor.png","datePublished":"2014-07-11T11:06:26+00:00","dateModified":"2019-10-22T05:12:03+00:00","breadcrumb":{"@id":"http:\/\/www.cerrajeriasanjuan.com\/es\/cerrajeria\/barbacoas\/#breadcrumb"},"inLanguage":"es","potentialAction":[{"@type":"ReadAction","target":["http:\/\/www.cerrajeriasanjuan.com\/es\/cerrajeria\/barbacoas\/"]}]},{"@type":"ImageObject","inLanguage":"es","@id":"http:\/\/www.cerrajeriasanjuan.com\/es\/cerrajeria\/barbacoas\/#primaryimage","url":"http:\/\/www.cerrajeriasanjuan.com\/wp-content\/uploads\/2018\/02\/resplandor.png","contentUrl":"http:\/\/www.cerrajeriasanjuan.com\/wp-content\/uploads\/2018\/02\/resplandor.png"},{"@type":"BreadcrumbList","@id":"http:\/\/www.cerrajeriasanjuan.com\/es\/cerrajeria\/barbacoas\/#breadcrumb","itemListElement":[{"@type":"ListItem","position":1,"name":"Portada","item":"http:\/\/www.cerrajeriasanjuan.com\/es\/"},{"@type":"ListItem","position":2,"name":"CERRAJERIA","item":"http:\/\/www.cerrajeriasanjuan.com\/es\/cerrajeria\/"},{"@type":"ListItem","position":3,"name":"BARBACOAS"}]},{"@type":"WebSite","@id":"http:\/\/www.cerrajeriasanjuan.com\/es\/#website","url":"http:\/\/www.cerrajeriasanjuan.com\/es\/","name":"CERRAJERIA SANJUAN","description":"CERRAJERIA EN MARBELLA, rotulos, vallas publicitarias, luminosos, carteleria.","potentialAction":[{"@type":"SearchAction","target":{"@type":"EntryPoint","urlTemplate":"http:\/\/www.cerrajeriasanjuan.com\/es\/?s={search_term_string}"},"query-input":{"@type":"PropertyValueSpecification","valueRequired":true,"valueName":"search_term_string"}}],"inLanguage":"es"}]}},"_links":{"self":[{"href":"http:\/\/www.cerrajeriasanjuan.com\/es\/wp-json\/wp\/v2\/pages\/155"}],"collection":[{"href":"http:\/\/www.cerrajeriasanjuan.com\/es\/wp-json\/wp\/v2\/pages"}],"about":[{"href":"http:\/\/www.cerrajeriasanjuan.com\/es\/wp-json\/wp\/v2\/types\/page"}],"author":[{"embeddable":true,"href":"http:\/\/www.cerrajeriasanjuan.com\/es\/wp-json\/wp\/v2\/users\/1"}],"replies":[{"embeddable":true,"href":"http:\/\/www.cerrajeriasanjuan.com\/es\/wp-json\/wp\/v2\/comments?post=155"}],"version-history":[{"count":15,"href":"http:\/\/www.cerrajeriasanjuan.com\/es\/wp-json\/wp\/v2\/pages\/155\/revisions"}],"predecessor-version":[{"id":822,"href":"http:\/\/www.cerrajeriasanjuan.com\/es\/wp-json\/wp\/v2\/pages\/155\/revisions\/822"}],"up":[{"embeddable":true,"href":"http:\/\/www.cerrajeriasanjuan.com\/es\/wp-json\/wp\/v2\/pages\/144"}],"wp:attachment":[{"href":"http:\/\/www.cerrajeriasanjuan.com\/es\/wp-json\/wp\/v2\/media?parent=155"}],"curies":[{"name":"wp","href":"https:\/\/api.w.org\/{rel}","templated":true}]}}