{"id":161,"date":"2014-07-11T11:08:53","date_gmt":"2014-07-11T11:08:53","guid":{"rendered":"http:\/\/www.cerrajeriasanjuan.com\/es\/?page_id=161"},"modified":"2015-11-14T07:29:58","modified_gmt":"2015-11-14T07:29:58","slug":"chimeneas","status":"publish","type":"page","link":"http:\/\/www.cerrajeriasanjuan.com\/es\/cerrajeria\/chimeneas\/","title":{"rendered":"CHIMENEAS"},"content":{"rendered":"<p>[et_pb_section admin_label=\u00bbsection\u00bb][et_pb_row admin_label=\u00bbrow\u00bb][et_pb_column type=\u00bb1_2&#8243;][et_pb_text admin_label=\u00bbText\u00bb background_layout=\u00bblight\u00bb text_orientation=\u00bbleft\u00bb]<\/p>\n<p class=\"INFORMACION\" style=\"color: #000000;\"><span class=\"texto\" style=\"color: #000000;\">En<\/span><span class=\"RESALTE1\" style=\"color: #002db2;\">\u00a0Cerrajer\u00eda Sanju\u00e1n<\/span>\u00a0<span class=\"texto\" style=\"color: #000000;\">fabricamos chimeneas tanto para el interior de su vivienda o negocio, como para su jard\u00edn de exterior, solo utilizamos productos de primera calidad para la fabricaci\u00f3n de estas.<\/span><\/p>\n<p class=\"UNO\" style=\"color: #ffffff;\" align=\"justify\"><span class=\"texto\" style=\"color: #000000;\"><span class=\"PRODUCTOS\" style=\"color: #000000;\"><span class=\"LETRAS\" style=\"color: #0052cb;\"><span class=\"direccion\" style=\"color: #002db2;\"><span class=\"direccion\" style=\"color: #002db2;\"><span class=\"texto\" style=\"color: #000000;\">Fabricamos todo tipo de trabajos a medida, adapt\u00e1ndonos a las necesidades y exigencias de nuestros clientes.<\/span><\/span><\/span><\/span><\/span><\/span><\/p>\n<p>[\/et_pb_text][\/et_pb_column][et_pb_column type=\u00bb1_2&#8243;][et_pb_gallery admin_label=\u00bbGallery\u00bb gallery_ids=\u00bb231,232,482&#8243; fullwidth=\u00bboff\u00bb show_title_and_caption=\u00bboff\u00bb show_pagination=\u00bbon\u00bb background_layout=\u00bblight\u00bb auto=\u00bboff\u00bb hover_overlay_color=\u00bbrgba(255,255,255,0.9)\u00bb caption_all_caps=\u00bboff\u00bb use_border_color=\u00bboff\u00bb border_color=\u00bb#ffffff\u00bb border_style=\u00bbsolid\u00bb] [\/et_pb_gallery][\/et_pb_column][\/et_pb_row][\/et_pb_section]<\/p>\n","protected":false},"excerpt":{"rendered":"<p>En\u00a0Cerrajer\u00eda Sanju\u00e1n\u00a0fabricamos chimeneas tanto para el interior de su vivienda o negocio, como para su jard\u00edn de exterior, solo utilizamos productos de primera calidad para la fabricaci\u00f3n de estas. Fabricamos todo tipo de trabajos a medida, adapt\u00e1ndonos a las necesidades y exigencias de nuestros clientes.<\/p>\n","protected":false},"author":1,"featured_media":0,"parent":144,"menu_order":0,"comment_status":"open","ping_status":"open","template":"","meta":{"_et_pb_use_builder":"on","_et_pb_old_content":"","_et_gb_content_width":"","_joinchat":[],"footnotes":""},"class_list":["post-161","page","type-page","status-publish","hentry"],"yoast_head":"<!-- This site is optimized with the Yoast SEO plugin v23.6 - https:\/\/yoast.com\/wordpress\/plugins\/seo\/ -->\n<title>CHIMENEAS - CERRAJERIA SANJUAN<\/title>\n<meta name=\"robots\" content=\"index, follow, max-snippet:-1, max-image-preview:large, max-video-preview:-1\" \/>\n<link rel=\"canonical\" href=\"http:\/\/www.cerrajeriasanjuan.com\/es\/cerrajeria\/chimeneas\/\" \/>\n<meta property=\"og:locale\" content=\"es_ES\" \/>\n<meta property=\"og:type\" content=\"article\" \/>\n<meta property=\"og:title\" content=\"CHIMENEAS - CERRAJERIA SANJUAN\" \/>\n<meta property=\"og:description\" content=\"En\u00a0Cerrajer\u00eda Sanju\u00e1n\u00a0fabricamos chimeneas tanto para el interior de su vivienda o negocio, como para su jard\u00edn de exterior, solo utilizamos productos de primera calidad para la fabricaci\u00f3n de estas. Fabricamos todo tipo de trabajos a medida, adapt\u00e1ndonos a las necesidades y exigencias de nuestros clientes.\" \/>\n<meta property=\"og:url\" content=\"http:\/\/www.cerrajeriasanjuan.com\/es\/cerrajeria\/chimeneas\/\" \/>\n<meta property=\"og:site_name\" content=\"CERRAJERIA SANJUAN\" \/>\n<meta property=\"article:modified_time\" content=\"2015-11-14T07:29:58+00:00\" \/>\n<meta name=\"twitter:card\" content=\"summary_large_image\" \/>\n<meta name=\"twitter:label1\" content=\"Tiempo de lectura\" \/>\n\t<meta name=\"twitter:data1\" content=\"1 minuto\" \/>\n<script type=\"application\/ld+json\" class=\"yoast-schema-graph\">{\"@context\":\"https:\/\/schema.org\",\"@graph\":[{\"@type\":\"WebPage\",\"@id\":\"http:\/\/www.cerrajeriasanjuan.com\/es\/cerrajeria\/chimeneas\/\",\"url\":\"http:\/\/www.cerrajeriasanjuan.com\/es\/cerrajeria\/chimeneas\/\",\"name\":\"CHIMENEAS - CERRAJERIA SANJUAN\",\"isPartOf\":{\"@id\":\"http:\/\/www.cerrajeriasanjuan.com\/es\/#website\"},\"datePublished\":\"2014-07-11T11:08:53+00:00\",\"dateModified\":\"2015-11-14T07:29:58+00:00\",\"breadcrumb\":{\"@id\":\"http:\/\/www.cerrajeriasanjuan.com\/es\/cerrajeria\/chimeneas\/#breadcrumb\"},\"inLanguage\":\"es\",\"potentialAction\":[{\"@type\":\"ReadAction\",\"target\":[\"http:\/\/www.cerrajeriasanjuan.com\/es\/cerrajeria\/chimeneas\/\"]}]},{\"@type\":\"BreadcrumbList\",\"@id\":\"http:\/\/www.cerrajeriasanjuan.com\/es\/cerrajeria\/chimeneas\/#breadcrumb\",\"itemListElement\":[{\"@type\":\"ListItem\",\"position\":1,\"name\":\"Portada\",\"item\":\"http:\/\/www.cerrajeriasanjuan.com\/es\/\"},{\"@type\":\"ListItem\",\"position\":2,\"name\":\"CERRAJERIA\",\"item\":\"http:\/\/www.cerrajeriasanjuan.com\/es\/cerrajeria\/\"},{\"@type\":\"ListItem\",\"position\":3,\"name\":\"CHIMENEAS\"}]},{\"@type\":\"WebSite\",\"@id\":\"http:\/\/www.cerrajeriasanjuan.com\/es\/#website\",\"url\":\"http:\/\/www.cerrajeriasanjuan.com\/es\/\",\"name\":\"CERRAJERIA SANJUAN\",\"description\":\"CERRAJERIA EN MARBELLA, rotulos, vallas publicitarias, luminosos, carteleria.\",\"potentialAction\":[{\"@type\":\"SearchAction\",\"target\":{\"@type\":\"EntryPoint\",\"urlTemplate\":\"http:\/\/www.cerrajeriasanjuan.com\/es\/?s={search_term_string}\"},\"query-input\":{\"@type\":\"PropertyValueSpecification\",\"valueRequired\":true,\"valueName\":\"search_term_string\"}}],\"inLanguage\":\"es\"}]}<\/script>\n<!-- \/ Yoast SEO plugin. -->","yoast_head_json":{"title":"CHIMENEAS - CERRAJERIA SANJUAN","robots":{"index":"index","follow":"follow","max-snippet":"max-snippet:-1","max-image-preview":"max-image-preview:large","max-video-preview":"max-video-preview:-1"},"canonical":"http:\/\/www.cerrajeriasanjuan.com\/es\/cerrajeria\/chimeneas\/","og_locale":"es_ES","og_type":"article","og_title":"CHIMENEAS - CERRAJERIA SANJUAN","og_description":"En\u00a0Cerrajer\u00eda Sanju\u00e1n\u00a0fabricamos chimeneas tanto para el interior de su vivienda o negocio, como para su jard\u00edn de exterior, solo utilizamos productos de primera calidad para la fabricaci\u00f3n de estas. Fabricamos todo tipo de trabajos a medida, adapt\u00e1ndonos a las necesidades y exigencias de nuestros clientes.","og_url":"http:\/\/www.cerrajeriasanjuan.com\/es\/cerrajeria\/chimeneas\/","og_site_name":"CERRAJERIA SANJUAN","article_modified_time":"2015-11-14T07:29:58+00:00","twitter_card":"summary_large_image","twitter_misc":{"Tiempo de lectura":"1 minuto"},"schema":{"@context":"https:\/\/schema.org","@graph":[{"@type":"WebPage","@id":"http:\/\/www.cerrajeriasanjuan.com\/es\/cerrajeria\/chimeneas\/","url":"http:\/\/www.cerrajeriasanjuan.com\/es\/cerrajeria\/chimeneas\/","name":"CHIMENEAS - CERRAJERIA SANJUAN","isPartOf":{"@id":"http:\/\/www.cerrajeriasanjuan.com\/es\/#website"},"datePublished":"2014-07-11T11:08:53+00:00","dateModified":"2015-11-14T07:29:58+00:00","breadcrumb":{"@id":"http:\/\/www.cerrajeriasanjuan.com\/es\/cerrajeria\/chimeneas\/#breadcrumb"},"inLanguage":"es","potentialAction":[{"@type":"ReadAction","target":["http:\/\/www.cerrajeriasanjuan.com\/es\/cerrajeria\/chimeneas\/"]}]},{"@type":"BreadcrumbList","@id":"http:\/\/www.cerrajeriasanjuan.com\/es\/cerrajeria\/chimeneas\/#breadcrumb","itemListElement":[{"@type":"ListItem","position":1,"name":"Portada","item":"http:\/\/www.cerrajeriasanjuan.com\/es\/"},{"@type":"ListItem","position":2,"name":"CERRAJERIA","item":"http:\/\/www.cerrajeriasanjuan.com\/es\/cerrajeria\/"},{"@type":"ListItem","position":3,"name":"CHIMENEAS"}]},{"@type":"WebSite","@id":"http:\/\/www.cerrajeriasanjuan.com\/es\/#website","url":"http:\/\/www.cerrajeriasanjuan.com\/es\/","name":"CERRAJERIA SANJUAN","description":"CERRAJERIA EN MARBELLA, rotulos, vallas publicitarias, luminosos, carteleria.","potentialAction":[{"@type":"SearchAction","target":{"@type":"EntryPoint","urlTemplate":"http:\/\/www.cerrajeriasanjuan.com\/es\/?s={search_term_string}"},"query-input":{"@type":"PropertyValueSpecification","valueRequired":true,"valueName":"search_term_string"}}],"inLanguage":"es"}]}},"_links":{"self":[{"href":"http:\/\/www.cerrajeriasanjuan.com\/es\/wp-json\/wp\/v2\/pages\/161"}],"collection":[{"href":"http:\/\/www.cerrajeriasanjuan.com\/es\/wp-json\/wp\/v2\/pages"}],"about":[{"href":"http:\/\/www.cerrajeriasanjuan.com\/es\/wp-json\/wp\/v2\/types\/page"}],"author":[{"embeddable":true,"href":"http:\/\/www.cerrajeriasanjuan.com\/es\/wp-json\/wp\/v2\/users\/1"}],"replies":[{"embeddable":true,"href":"http:\/\/www.cerrajeriasanjuan.com\/es\/wp-json\/wp\/v2\/comments?post=161"}],"version-history":[{"count":6,"href":"http:\/\/www.cerrajeriasanjuan.com\/es\/wp-json\/wp\/v2\/pages\/161\/revisions"}],"predecessor-version":[{"id":512,"href":"http:\/\/www.cerrajeriasanjuan.com\/es\/wp-json\/wp\/v2\/pages\/161\/revisions\/512"}],"up":[{"embeddable":true,"href":"http:\/\/www.cerrajeriasanjuan.com\/es\/wp-json\/wp\/v2\/pages\/144"}],"wp:attachment":[{"href":"http:\/\/www.cerrajeriasanjuan.com\/es\/wp-json\/wp\/v2\/media?parent=161"}],"curies":[{"name":"wp","href":"https:\/\/api.w.org\/{rel}","templated":true}]}}