{"id":167,"date":"2014-07-11T11:11:45","date_gmt":"2014-07-11T11:11:45","guid":{"rendered":"http:\/\/www.cerrajeriasanjuan.com\/es\/?page_id=167"},"modified":"2014-07-11T15:11:35","modified_gmt":"2014-07-11T15:11:35","slug":"estructuras","status":"publish","type":"page","link":"http:\/\/www.cerrajeriasanjuan.com\/es\/cerrajeria\/estructuras\/","title":{"rendered":"ESTRUCTURAS"},"content":{"rendered":"<p>[et_pb_section][et_pb_row][et_pb_column type=\u00bb1_2&#8243;][et_pb_text admin_label=\u00bbText\u00bb background_layout=\u00bblight\u00bb text_orientation=\u00bbleft\u00bb]<\/p>\n<p>&nbsp;<\/p>\n<p class=\"texto\" style=\"color: #000000; text-align: justify;\">En Cerrajer\u00eda SanJu\u00e1n, fabricamos e instalamos todo tipo de estructuras, tanto para interior de vivienda o negocios, como para exteriores.<\/p>\n<p class=\"texto\" style=\"color: #000000; text-align: justify;\">Nuestro trabajos en el sector de las estructuras es muy diversos desde estructuras met\u00e1licas para PARKING, como para ASCESORES, como estructurass para refuerzo o construcci\u00f3n de NAVES INDUSTRIALES, al igual que todo tipo de estructuras para la construcci\u00f3n o rehabilitaci\u00f3n de VIVIENDAS o LOCALES COMERCIALES.<\/p>\n<p>[\/et_pb_text][\/et_pb_column][et_pb_column type=\u00bb1_2&#8243;][et_pb_gallery admin_label=\u00bbGallery\u00bb gallery_ids=\u00bb246,247,248,249&#8243; fullwidth=\u00bboff\u00bb posts_number=\u00bb4&#8243; show_title_and_caption=\u00bboff\u00bb show_pagination=\u00bbon\u00bb background_layout=\u00bblight\u00bb \/][\/et_pb_column][\/et_pb_row][\/et_pb_section]<\/p>\n","protected":false},"excerpt":{"rendered":"<p><div class=\"et_pb_section et_pb_section_0 et_section_regular\" >\n\t\t\t\t\n\t\t\t\t\n\t\t\t\t\n\t\t\t\t\n\t\t\t\t\n\t\t\t\t\n\t\t\t\t\n\t\t\t\t\n\t\t\t\t\n\t\t\t<\/div><div class=\"et_pb_row et_pb_row_0 et_pb_row_empty\">\n\t\t\t\t\n\t\t\t\t\n\t\t\t\t\n\t\t\t\t\n\t\t\t\t\n\t\t\t<\/div> &nbsp; En Cerrajer\u00eda SanJu\u00e1n, fabricamos e instalamos todo tipo de estructuras, tanto para interior de vivienda o negocios, como para exteriores. Nuestro trabajos en el sector de las estructuras es muy diversos desde estructuras met\u00e1licas para PARKING, como para ASCESORES, como estructurass para refuerzo o construcci\u00f3n de NAVES INDUSTRIALES, al igual que todo tipo [&hellip;]<\/p>\n","protected":false},"author":1,"featured_media":0,"parent":144,"menu_order":0,"comment_status":"open","ping_status":"open","template":"","meta":{"_et_pb_use_builder":"on","_et_pb_old_content":"","_et_gb_content_width":"","_joinchat":[],"footnotes":""},"class_list":["post-167","page","type-page","status-publish","hentry"],"yoast_head":"<!-- This site is optimized with the Yoast SEO plugin v23.6 - https:\/\/yoast.com\/wordpress\/plugins\/seo\/ -->\n<title>ESTRUCTURAS - CERRAJERIA SANJUAN<\/title>\n<meta name=\"robots\" content=\"index, follow, max-snippet:-1, max-image-preview:large, max-video-preview:-1\" \/>\n<link rel=\"canonical\" href=\"http:\/\/www.cerrajeriasanjuan.com\/es\/cerrajeria\/estructuras\/\" \/>\n<meta property=\"og:locale\" content=\"es_ES\" \/>\n<meta property=\"og:type\" content=\"article\" \/>\n<meta property=\"og:title\" content=\"ESTRUCTURAS - CERRAJERIA SANJUAN\" \/>\n<meta property=\"og:description\" content=\"&nbsp; En Cerrajer\u00eda SanJu\u00e1n, fabricamos e instalamos todo tipo de estructuras, tanto para interior de vivienda o negocios, como para exteriores. Nuestro trabajos en el sector de las estructuras es muy diversos desde estructuras met\u00e1licas para PARKING, como para ASCESORES, como estructurass para refuerzo o construcci\u00f3n de NAVES INDUSTRIALES, al igual que todo tipo [&hellip;]\" \/>\n<meta property=\"og:url\" content=\"http:\/\/www.cerrajeriasanjuan.com\/es\/cerrajeria\/estructuras\/\" \/>\n<meta property=\"og:site_name\" content=\"CERRAJERIA SANJUAN\" \/>\n<meta property=\"article:modified_time\" content=\"2014-07-11T15:11:35+00:00\" \/>\n<meta name=\"twitter:card\" content=\"summary_large_image\" \/>\n<meta name=\"twitter:label1\" content=\"Tiempo de lectura\" \/>\n\t<meta name=\"twitter:data1\" content=\"1 minuto\" \/>\n<script type=\"application\/ld+json\" class=\"yoast-schema-graph\">{\"@context\":\"https:\/\/schema.org\",\"@graph\":[{\"@type\":\"WebPage\",\"@id\":\"http:\/\/www.cerrajeriasanjuan.com\/es\/cerrajeria\/estructuras\/\",\"url\":\"http:\/\/www.cerrajeriasanjuan.com\/es\/cerrajeria\/estructuras\/\",\"name\":\"ESTRUCTURAS - CERRAJERIA SANJUAN\",\"isPartOf\":{\"@id\":\"http:\/\/www.cerrajeriasanjuan.com\/es\/#website\"},\"datePublished\":\"2014-07-11T11:11:45+00:00\",\"dateModified\":\"2014-07-11T15:11:35+00:00\",\"breadcrumb\":{\"@id\":\"http:\/\/www.cerrajeriasanjuan.com\/es\/cerrajeria\/estructuras\/#breadcrumb\"},\"inLanguage\":\"es\",\"potentialAction\":[{\"@type\":\"ReadAction\",\"target\":[\"http:\/\/www.cerrajeriasanjuan.com\/es\/cerrajeria\/estructuras\/\"]}]},{\"@type\":\"BreadcrumbList\",\"@id\":\"http:\/\/www.cerrajeriasanjuan.com\/es\/cerrajeria\/estructuras\/#breadcrumb\",\"itemListElement\":[{\"@type\":\"ListItem\",\"position\":1,\"name\":\"Portada\",\"item\":\"http:\/\/www.cerrajeriasanjuan.com\/es\/\"},{\"@type\":\"ListItem\",\"position\":2,\"name\":\"CERRAJERIA\",\"item\":\"http:\/\/www.cerrajeriasanjuan.com\/es\/cerrajeria\/\"},{\"@type\":\"ListItem\",\"position\":3,\"name\":\"ESTRUCTURAS\"}]},{\"@type\":\"WebSite\",\"@id\":\"http:\/\/www.cerrajeriasanjuan.com\/es\/#website\",\"url\":\"http:\/\/www.cerrajeriasanjuan.com\/es\/\",\"name\":\"CERRAJERIA SANJUAN\",\"description\":\"CERRAJERIA EN MARBELLA, rotulos, vallas publicitarias, luminosos, carteleria.\",\"potentialAction\":[{\"@type\":\"SearchAction\",\"target\":{\"@type\":\"EntryPoint\",\"urlTemplate\":\"http:\/\/www.cerrajeriasanjuan.com\/es\/?s={search_term_string}\"},\"query-input\":{\"@type\":\"PropertyValueSpecification\",\"valueRequired\":true,\"valueName\":\"search_term_string\"}}],\"inLanguage\":\"es\"}]}<\/script>\n<!-- \/ Yoast SEO plugin. -->","yoast_head_json":{"title":"ESTRUCTURAS - CERRAJERIA SANJUAN","robots":{"index":"index","follow":"follow","max-snippet":"max-snippet:-1","max-image-preview":"max-image-preview:large","max-video-preview":"max-video-preview:-1"},"canonical":"http:\/\/www.cerrajeriasanjuan.com\/es\/cerrajeria\/estructuras\/","og_locale":"es_ES","og_type":"article","og_title":"ESTRUCTURAS - CERRAJERIA SANJUAN","og_description":"&nbsp; En Cerrajer\u00eda SanJu\u00e1n, fabricamos e instalamos todo tipo de estructuras, tanto para interior de vivienda o negocios, como para exteriores. Nuestro trabajos en el sector de las estructuras es muy diversos desde estructuras met\u00e1licas para PARKING, como para ASCESORES, como estructurass para refuerzo o construcci\u00f3n de NAVES INDUSTRIALES, al igual que todo tipo [&hellip;]","og_url":"http:\/\/www.cerrajeriasanjuan.com\/es\/cerrajeria\/estructuras\/","og_site_name":"CERRAJERIA SANJUAN","article_modified_time":"2014-07-11T15:11:35+00:00","twitter_card":"summary_large_image","twitter_misc":{"Tiempo de lectura":"1 minuto"},"schema":{"@context":"https:\/\/schema.org","@graph":[{"@type":"WebPage","@id":"http:\/\/www.cerrajeriasanjuan.com\/es\/cerrajeria\/estructuras\/","url":"http:\/\/www.cerrajeriasanjuan.com\/es\/cerrajeria\/estructuras\/","name":"ESTRUCTURAS - CERRAJERIA SANJUAN","isPartOf":{"@id":"http:\/\/www.cerrajeriasanjuan.com\/es\/#website"},"datePublished":"2014-07-11T11:11:45+00:00","dateModified":"2014-07-11T15:11:35+00:00","breadcrumb":{"@id":"http:\/\/www.cerrajeriasanjuan.com\/es\/cerrajeria\/estructuras\/#breadcrumb"},"inLanguage":"es","potentialAction":[{"@type":"ReadAction","target":["http:\/\/www.cerrajeriasanjuan.com\/es\/cerrajeria\/estructuras\/"]}]},{"@type":"BreadcrumbList","@id":"http:\/\/www.cerrajeriasanjuan.com\/es\/cerrajeria\/estructuras\/#breadcrumb","itemListElement":[{"@type":"ListItem","position":1,"name":"Portada","item":"http:\/\/www.cerrajeriasanjuan.com\/es\/"},{"@type":"ListItem","position":2,"name":"CERRAJERIA","item":"http:\/\/www.cerrajeriasanjuan.com\/es\/cerrajeria\/"},{"@type":"ListItem","position":3,"name":"ESTRUCTURAS"}]},{"@type":"WebSite","@id":"http:\/\/www.cerrajeriasanjuan.com\/es\/#website","url":"http:\/\/www.cerrajeriasanjuan.com\/es\/","name":"CERRAJERIA SANJUAN","description":"CERRAJERIA EN MARBELLA, rotulos, vallas publicitarias, luminosos, carteleria.","potentialAction":[{"@type":"SearchAction","target":{"@type":"EntryPoint","urlTemplate":"http:\/\/www.cerrajeriasanjuan.com\/es\/?s={search_term_string}"},"query-input":{"@type":"PropertyValueSpecification","valueRequired":true,"valueName":"search_term_string"}}],"inLanguage":"es"}]}},"_links":{"self":[{"href":"http:\/\/www.cerrajeriasanjuan.com\/es\/wp-json\/wp\/v2\/pages\/167"}],"collection":[{"href":"http:\/\/www.cerrajeriasanjuan.com\/es\/wp-json\/wp\/v2\/pages"}],"about":[{"href":"http:\/\/www.cerrajeriasanjuan.com\/es\/wp-json\/wp\/v2\/types\/page"}],"author":[{"embeddable":true,"href":"http:\/\/www.cerrajeriasanjuan.com\/es\/wp-json\/wp\/v2\/users\/1"}],"replies":[{"embeddable":true,"href":"http:\/\/www.cerrajeriasanjuan.com\/es\/wp-json\/wp\/v2\/comments?post=167"}],"version-history":[{"count":4,"href":"http:\/\/www.cerrajeriasanjuan.com\/es\/wp-json\/wp\/v2\/pages\/167\/revisions"}],"predecessor-version":[{"id":252,"href":"http:\/\/www.cerrajeriasanjuan.com\/es\/wp-json\/wp\/v2\/pages\/167\/revisions\/252"}],"up":[{"embeddable":true,"href":"http:\/\/www.cerrajeriasanjuan.com\/es\/wp-json\/wp\/v2\/pages\/144"}],"wp:attachment":[{"href":"http:\/\/www.cerrajeriasanjuan.com\/es\/wp-json\/wp\/v2\/media?parent=167"}],"curies":[{"name":"wp","href":"https:\/\/api.w.org\/{rel}","templated":true}]}}