{"id":173,"date":"2014-07-11T11:14:28","date_gmt":"2014-07-11T11:14:28","guid":{"rendered":"http:\/\/www.cerrajeriasanjuan.com\/es\/?page_id=173"},"modified":"2015-11-14T07:31:36","modified_gmt":"2015-11-14T07:31:36","slug":"puertas","status":"publish","type":"page","link":"http:\/\/www.cerrajeriasanjuan.com\/es\/cerrajeria\/puertas\/","title":{"rendered":"PUERTAS"},"content":{"rendered":"<p>[et_pb_section admin_label=\u00bbsection\u00bb][et_pb_row admin_label=\u00bbrow\u00bb][et_pb_column type=\u00bb1_2&#8243;][et_pb_text admin_label=\u00bbText\u00bb background_layout=\u00bblight\u00bb text_orientation=\u00bbleft\u00bb]<\/p>\n<p class=\"texto\" style=\"color: #000000;\">Fabricamos, instalamos, automatizamos, y reparamos todo tipo de puertas y cerramientos, tanto para su industria o comercio, como para su residencia o comunidad;<\/p>\n<ul style=\"color: #000000;\">\n<li class=\"texto\" style=\"color: #000000;\">Puertas Basculantes<\/li>\n<li class=\"texto\" style=\"color: #000000;\">Puertas Batientes<\/li>\n<li class=\"texto\" style=\"color: #000000;\">Puertas Correderas<\/li>\n<li class=\"texto\" style=\"color: #000000;\">Puertas Enrollables<\/li>\n<li class=\"texto\" style=\"color: #000000;\">Puertas de Ballesta<\/li>\n<li class=\"texto\" style=\"color: #000000;\">Puertas de Guillotina<\/li>\n<li class=\"texto\" style=\"color: #000000;\">Puertas Seccionales<\/li>\n<li class=\"texto\" style=\"color: #000000;\">Puertas Peatonales<\/li>\n<li class=\"texto\" style=\"color: #000000;\">Puertas Cortafuegos<\/li>\n<li class=\"texto\" style=\"color: #000000;\">Puertas Autom\u00e1ticas de Vidrio<\/li>\n<li class=\"texto\" style=\"color: #000000;\">Vallados y Rejas<\/li>\n<li class=\"texto\" style=\"color: #000000;\">Estructuras Met\u00e1licas<\/li>\n<li class=\"texto\" style=\"color: #000000;\">Escaleras Met\u00e1licas<\/li>\n<li class=\"texto\" style=\"color: #000000;\">Proyectos y trabajos especiales a medida<\/li>\n<\/ul>\n<div style=\"color: #000000;\"><\/div>\n<p>[\/et_pb_text][\/et_pb_column][et_pb_column type=\u00bb1_2&#8243;][et_pb_gallery admin_label=\u00bbGallery\u00bb gallery_ids=\u00bb272,273,274,275&#8243; fullwidth=\u00bboff\u00bb posts_number=\u00bb4&#8243; show_title_and_caption=\u00bboff\u00bb show_pagination=\u00bbon\u00bb background_layout=\u00bblight\u00bb] [\/et_pb_gallery][\/et_pb_column][\/et_pb_row][\/et_pb_section][et_pb_section admin_label=\u00bbsection\u00bb fullwidth=\u00bboff\u00bb specialty=\u00bboff\u00bb][et_pb_row admin_label=\u00bbrow\u00bb][et_pb_column type=\u00bb4_4&#8243;][et_pb_text admin_label=\u00bbText\u00bb background_layout=\u00bblight\u00bb text_orientation=\u00bbleft\u00bb]<\/p>\n<p style=\"text-align: justify;\"><span style=\"color: #000000;\">Todas nuestras puertas s\u00f3n de alta calidad, fabricadas seg\u00fan norma europea,\u00a0<\/span><strong style=\"color: #000000;\">\u00a0<\/strong><span style=\"color: #000000;\">consiguiendo de esta forma la mayor \u00a0<\/span><strong style=\"color: #000000;\">SEGURIDAD<\/strong><span style=\"color: #000000;\">\u00a0y\u00a0<\/span><strong style=\"color: #000000;\">FIABILIDAD<\/strong><span style=\"color: #000000;\">\u00a0para nuestros clientes.<\/span><\/p>\n<p>[\/et_pb_text][\/et_pb_column][\/et_pb_row][\/et_pb_section][et_pb_section admin_label=\u00bbsection\u00bb fullwidth=\u00bboff\u00bb specialty=\u00bboff\u00bb][et_pb_row admin_label=\u00bbrow\u00bb][et_pb_column type=\u00bb4_4&#8243;][et_pb_gallery admin_label=\u00bbGallery\u00bb fullwidth=\u00bboff\u00bb posts_number=\u00bb12&#8243; show_title_and_caption=\u00bboff\u00bb show_pagination=\u00bbon\u00bb background_layout=\u00bblight\u00bb gallery_ids=\u00bb460,362,363,364,365,367,368,369,370,371,372,373,374,375,376,377,361,462,378,380,381,382,384,386,387,389,488,480,469,464,463&#8243; auto=\u00bboff\u00bb hover_overlay_color=\u00bbrgba(255,255,255,0.9)\u00bb caption_all_caps=\u00bboff\u00bb use_border_color=\u00bboff\u00bb border_color=\u00bb#ffffff\u00bb border_style=\u00bbsolid\u00bb] [\/et_pb_gallery][\/et_pb_column][\/et_pb_row][\/et_pb_section]<\/p>\n","protected":false},"excerpt":{"rendered":"<p>Fabricamos, instalamos, automatizamos, y reparamos todo tipo de puertas y cerramientos, tanto para su industria o comercio, como para su residencia o comunidad; Puertas Basculantes Puertas Batientes Puertas Correderas Puertas Enrollables Puertas de Ballesta Puertas de Guillotina Puertas Seccionales Puertas Peatonales Puertas Cortafuegos Puertas Autom\u00e1ticas de Vidrio Vallados y Rejas Estructuras Met\u00e1licas Escaleras Met\u00e1licas Proyectos [&hellip;]<\/p>\n","protected":false},"author":1,"featured_media":0,"parent":144,"menu_order":0,"comment_status":"open","ping_status":"open","template":"","meta":{"_et_pb_use_builder":"on","_et_pb_old_content":"","_et_gb_content_width":"","_joinchat":[],"footnotes":""},"class_list":["post-173","page","type-page","status-publish","hentry"],"yoast_head":"<!-- This site is optimized with the Yoast SEO plugin v23.6 - https:\/\/yoast.com\/wordpress\/plugins\/seo\/ -->\n<title>PUERTAS - CERRAJERIA SANJUAN<\/title>\n<meta name=\"robots\" content=\"index, follow, max-snippet:-1, max-image-preview:large, max-video-preview:-1\" \/>\n<link rel=\"canonical\" href=\"http:\/\/www.cerrajeriasanjuan.com\/es\/cerrajeria\/puertas\/\" \/>\n<meta property=\"og:locale\" content=\"es_ES\" \/>\n<meta property=\"og:type\" content=\"article\" \/>\n<meta property=\"og:title\" content=\"PUERTAS - CERRAJERIA SANJUAN\" \/>\n<meta property=\"og:description\" content=\"Fabricamos, instalamos, automatizamos, y reparamos todo tipo de puertas y cerramientos, tanto para su industria o comercio, como para su residencia o comunidad; Puertas Basculantes Puertas Batientes Puertas Correderas Puertas Enrollables Puertas de Ballesta Puertas de Guillotina Puertas Seccionales Puertas Peatonales Puertas Cortafuegos Puertas Autom\u00e1ticas de Vidrio Vallados y Rejas Estructuras Met\u00e1licas Escaleras Met\u00e1licas Proyectos [&hellip;]\" \/>\n<meta property=\"og:url\" content=\"http:\/\/www.cerrajeriasanjuan.com\/es\/cerrajeria\/puertas\/\" \/>\n<meta property=\"og:site_name\" content=\"CERRAJERIA SANJUAN\" \/>\n<meta property=\"article:modified_time\" content=\"2015-11-14T07:31:36+00:00\" \/>\n<meta name=\"twitter:card\" content=\"summary_large_image\" \/>\n<meta name=\"twitter:label1\" content=\"Tiempo de lectura\" \/>\n\t<meta name=\"twitter:data1\" content=\"1 minuto\" \/>\n<script type=\"application\/ld+json\" class=\"yoast-schema-graph\">{\"@context\":\"https:\/\/schema.org\",\"@graph\":[{\"@type\":\"WebPage\",\"@id\":\"http:\/\/www.cerrajeriasanjuan.com\/es\/cerrajeria\/puertas\/\",\"url\":\"http:\/\/www.cerrajeriasanjuan.com\/es\/cerrajeria\/puertas\/\",\"name\":\"PUERTAS - CERRAJERIA SANJUAN\",\"isPartOf\":{\"@id\":\"http:\/\/www.cerrajeriasanjuan.com\/es\/#website\"},\"datePublished\":\"2014-07-11T11:14:28+00:00\",\"dateModified\":\"2015-11-14T07:31:36+00:00\",\"breadcrumb\":{\"@id\":\"http:\/\/www.cerrajeriasanjuan.com\/es\/cerrajeria\/puertas\/#breadcrumb\"},\"inLanguage\":\"es\",\"potentialAction\":[{\"@type\":\"ReadAction\",\"target\":[\"http:\/\/www.cerrajeriasanjuan.com\/es\/cerrajeria\/puertas\/\"]}]},{\"@type\":\"BreadcrumbList\",\"@id\":\"http:\/\/www.cerrajeriasanjuan.com\/es\/cerrajeria\/puertas\/#breadcrumb\",\"itemListElement\":[{\"@type\":\"ListItem\",\"position\":1,\"name\":\"Portada\",\"item\":\"http:\/\/www.cerrajeriasanjuan.com\/es\/\"},{\"@type\":\"ListItem\",\"position\":2,\"name\":\"CERRAJERIA\",\"item\":\"http:\/\/www.cerrajeriasanjuan.com\/es\/cerrajeria\/\"},{\"@type\":\"ListItem\",\"position\":3,\"name\":\"PUERTAS\"}]},{\"@type\":\"WebSite\",\"@id\":\"http:\/\/www.cerrajeriasanjuan.com\/es\/#website\",\"url\":\"http:\/\/www.cerrajeriasanjuan.com\/es\/\",\"name\":\"CERRAJERIA SANJUAN\",\"description\":\"CERRAJERIA EN MARBELLA, rotulos, vallas publicitarias, luminosos, carteleria.\",\"potentialAction\":[{\"@type\":\"SearchAction\",\"target\":{\"@type\":\"EntryPoint\",\"urlTemplate\":\"http:\/\/www.cerrajeriasanjuan.com\/es\/?s={search_term_string}\"},\"query-input\":{\"@type\":\"PropertyValueSpecification\",\"valueRequired\":true,\"valueName\":\"search_term_string\"}}],\"inLanguage\":\"es\"}]}<\/script>\n<!-- \/ Yoast SEO plugin. -->","yoast_head_json":{"title":"PUERTAS - CERRAJERIA SANJUAN","robots":{"index":"index","follow":"follow","max-snippet":"max-snippet:-1","max-image-preview":"max-image-preview:large","max-video-preview":"max-video-preview:-1"},"canonical":"http:\/\/www.cerrajeriasanjuan.com\/es\/cerrajeria\/puertas\/","og_locale":"es_ES","og_type":"article","og_title":"PUERTAS - CERRAJERIA SANJUAN","og_description":"Fabricamos, instalamos, automatizamos, y reparamos todo tipo de puertas y cerramientos, tanto para su industria o comercio, como para su residencia o comunidad; Puertas Basculantes Puertas Batientes Puertas Correderas Puertas Enrollables Puertas de Ballesta Puertas de Guillotina Puertas Seccionales Puertas Peatonales Puertas Cortafuegos Puertas Autom\u00e1ticas de Vidrio Vallados y Rejas Estructuras Met\u00e1licas Escaleras Met\u00e1licas Proyectos [&hellip;]","og_url":"http:\/\/www.cerrajeriasanjuan.com\/es\/cerrajeria\/puertas\/","og_site_name":"CERRAJERIA SANJUAN","article_modified_time":"2015-11-14T07:31:36+00:00","twitter_card":"summary_large_image","twitter_misc":{"Tiempo de lectura":"1 minuto"},"schema":{"@context":"https:\/\/schema.org","@graph":[{"@type":"WebPage","@id":"http:\/\/www.cerrajeriasanjuan.com\/es\/cerrajeria\/puertas\/","url":"http:\/\/www.cerrajeriasanjuan.com\/es\/cerrajeria\/puertas\/","name":"PUERTAS - CERRAJERIA SANJUAN","isPartOf":{"@id":"http:\/\/www.cerrajeriasanjuan.com\/es\/#website"},"datePublished":"2014-07-11T11:14:28+00:00","dateModified":"2015-11-14T07:31:36+00:00","breadcrumb":{"@id":"http:\/\/www.cerrajeriasanjuan.com\/es\/cerrajeria\/puertas\/#breadcrumb"},"inLanguage":"es","potentialAction":[{"@type":"ReadAction","target":["http:\/\/www.cerrajeriasanjuan.com\/es\/cerrajeria\/puertas\/"]}]},{"@type":"BreadcrumbList","@id":"http:\/\/www.cerrajeriasanjuan.com\/es\/cerrajeria\/puertas\/#breadcrumb","itemListElement":[{"@type":"ListItem","position":1,"name":"Portada","item":"http:\/\/www.cerrajeriasanjuan.com\/es\/"},{"@type":"ListItem","position":2,"name":"CERRAJERIA","item":"http:\/\/www.cerrajeriasanjuan.com\/es\/cerrajeria\/"},{"@type":"ListItem","position":3,"name":"PUERTAS"}]},{"@type":"WebSite","@id":"http:\/\/www.cerrajeriasanjuan.com\/es\/#website","url":"http:\/\/www.cerrajeriasanjuan.com\/es\/","name":"CERRAJERIA SANJUAN","description":"CERRAJERIA EN MARBELLA, rotulos, vallas publicitarias, luminosos, carteleria.","potentialAction":[{"@type":"SearchAction","target":{"@type":"EntryPoint","urlTemplate":"http:\/\/www.cerrajeriasanjuan.com\/es\/?s={search_term_string}"},"query-input":{"@type":"PropertyValueSpecification","valueRequired":true,"valueName":"search_term_string"}}],"inLanguage":"es"}]}},"_links":{"self":[{"href":"http:\/\/www.cerrajeriasanjuan.com\/es\/wp-json\/wp\/v2\/pages\/173"}],"collection":[{"href":"http:\/\/www.cerrajeriasanjuan.com\/es\/wp-json\/wp\/v2\/pages"}],"about":[{"href":"http:\/\/www.cerrajeriasanjuan.com\/es\/wp-json\/wp\/v2\/types\/page"}],"author":[{"embeddable":true,"href":"http:\/\/www.cerrajeriasanjuan.com\/es\/wp-json\/wp\/v2\/users\/1"}],"replies":[{"embeddable":true,"href":"http:\/\/www.cerrajeriasanjuan.com\/es\/wp-json\/wp\/v2\/comments?post=173"}],"version-history":[{"count":11,"href":"http:\/\/www.cerrajeriasanjuan.com\/es\/wp-json\/wp\/v2\/pages\/173\/revisions"}],"predecessor-version":[{"id":513,"href":"http:\/\/www.cerrajeriasanjuan.com\/es\/wp-json\/wp\/v2\/pages\/173\/revisions\/513"}],"up":[{"embeddable":true,"href":"http:\/\/www.cerrajeriasanjuan.com\/es\/wp-json\/wp\/v2\/pages\/144"}],"wp:attachment":[{"href":"http:\/\/www.cerrajeriasanjuan.com\/es\/wp-json\/wp\/v2\/media?parent=173"}],"curies":[{"name":"wp","href":"https:\/\/api.w.org\/{rel}","templated":true}]}}