{"id":175,"date":"2014-07-11T11:14:46","date_gmt":"2014-07-11T11:14:46","guid":{"rendered":"http:\/\/www.cerrajeriasanjuan.com\/es\/?page_id=175"},"modified":"2015-11-14T07:22:30","modified_gmt":"2015-11-14T07:22:30","slug":"rejas","status":"publish","type":"page","link":"http:\/\/www.cerrajeriasanjuan.com\/es\/rejas\/","title":{"rendered":"REJAS"},"content":{"rendered":"<p>[et_pb_section admin_label=\u00bbsection\u00bb fullwidth=\u00bboff\u00bb specialty=\u00bboff\u00bb][et_pb_row admin_label=\u00bbrow\u00bb][et_pb_column type=\u00bb4_4&#8243;][et_pb_text admin_label=\u00bbText\u00bb background_layout=\u00bblight\u00bb text_orientation=\u00bbleft\u00bb]<\/p>\n<p style=\"color: #000000; text-align: justify;\">Realizamos todo tipo de\u00a0<strong>rejas<\/strong>\u00a0de dise\u00f1o, de tubo, hierro macizo, con ornamentos de pletina,\u00a0<strong>fragua\u00a0<\/strong>\u00f3<strong>\u00a0forja<\/strong>. estilo (mallorquino o veneciano, ojo de buey, castellano o toledano, ingl\u00e9s, ballestas o tijera, sencillo, moderno, decorativas, macizo o forja, rombo, etc.)<\/p>\n<p style=\"color: #000000; text-align: justify;\">D\u00edganos el modelo que quiere o env\u00edenos el suyo y lo valoramos sin ning\u00fan compromosio<\/p>\n<p style=\"color: #000000; text-align: justify;\">Nuestras rejas de seguridad, adem\u00e1s de por los materiales utilizados en su fabricaci\u00f3n, por los anclajes con las que van instaladas. Utilizamos anclajes de seguridad de una primeras marcas en seguridad para instalaciones, y por las cerraduras instaladas en sus hojas abatibles.<\/p>\n<p>[\/et_pb_text][et_pb_gallery admin_label=\u00bbGallery\u00bb gallery_ids=\u00bb490,483,392,393,395,396,397,398,399,400&#8243; fullwidth=\u00bboff\u00bb posts_number=\u00bb12&#8243; show_title_and_caption=\u00bboff\u00bb show_pagination=\u00bbon\u00bb background_layout=\u00bblight\u00bb auto=\u00bboff\u00bb hover_overlay_color=\u00bbrgba(255,255,255,0.9)\u00bb caption_all_caps=\u00bboff\u00bb use_border_color=\u00bboff\u00bb border_color=\u00bb#ffffff\u00bb border_style=\u00bbsolid\u00bb] [\/et_pb_gallery][\/et_pb_column][\/et_pb_row][\/et_pb_section]<\/p>\n","protected":false},"excerpt":{"rendered":"<p>Realizamos todo tipo de\u00a0rejas\u00a0de dise\u00f1o, de tubo, hierro macizo, con ornamentos de pletina,\u00a0fragua\u00a0\u00f3\u00a0forja. estilo (mallorquino o veneciano, ojo de buey, castellano o toledano, ingl\u00e9s, ballestas o tijera, sencillo, moderno, decorativas, macizo o forja, rombo, etc.) D\u00edganos el modelo que quiere o env\u00edenos el suyo y lo valoramos sin ning\u00fan compromosio Nuestras rejas de seguridad, adem\u00e1s [&hellip;]<\/p>\n","protected":false},"author":1,"featured_media":0,"parent":0,"menu_order":0,"comment_status":"open","ping_status":"open","template":"","meta":{"_et_pb_use_builder":"on","_et_pb_old_content":"","_et_gb_content_width":"","_joinchat":[],"footnotes":""},"class_list":["post-175","page","type-page","status-publish","hentry"],"yoast_head":"<!-- This site is optimized with the Yoast SEO plugin v23.6 - https:\/\/yoast.com\/wordpress\/plugins\/seo\/ -->\n<title>REJAS - CERRAJERIA SANJUAN<\/title>\n<meta name=\"robots\" content=\"index, follow, max-snippet:-1, max-image-preview:large, max-video-preview:-1\" \/>\n<link rel=\"canonical\" href=\"http:\/\/www.cerrajeriasanjuan.com\/es\/rejas\/\" \/>\n<meta property=\"og:locale\" content=\"es_ES\" \/>\n<meta property=\"og:type\" content=\"article\" \/>\n<meta property=\"og:title\" content=\"REJAS - CERRAJERIA SANJUAN\" \/>\n<meta property=\"og:description\" content=\"Realizamos todo tipo de\u00a0rejas\u00a0de dise\u00f1o, de tubo, hierro macizo, con ornamentos de pletina,\u00a0fragua\u00a0\u00f3\u00a0forja. estilo (mallorquino o veneciano, ojo de buey, castellano o toledano, ingl\u00e9s, ballestas o tijera, sencillo, moderno, decorativas, macizo o forja, rombo, etc.) D\u00edganos el modelo que quiere o env\u00edenos el suyo y lo valoramos sin ning\u00fan compromosio Nuestras rejas de seguridad, adem\u00e1s [&hellip;]\" \/>\n<meta property=\"og:url\" content=\"http:\/\/www.cerrajeriasanjuan.com\/es\/rejas\/\" \/>\n<meta property=\"og:site_name\" content=\"CERRAJERIA SANJUAN\" \/>\n<meta property=\"article:modified_time\" content=\"2015-11-14T07:22:30+00:00\" \/>\n<meta name=\"twitter:card\" content=\"summary_large_image\" \/>\n<meta name=\"twitter:label1\" content=\"Tiempo de lectura\" \/>\n\t<meta name=\"twitter:data1\" content=\"1 minuto\" \/>\n<script type=\"application\/ld+json\" class=\"yoast-schema-graph\">{\"@context\":\"https:\/\/schema.org\",\"@graph\":[{\"@type\":\"WebPage\",\"@id\":\"http:\/\/www.cerrajeriasanjuan.com\/es\/rejas\/\",\"url\":\"http:\/\/www.cerrajeriasanjuan.com\/es\/rejas\/\",\"name\":\"REJAS - CERRAJERIA SANJUAN\",\"isPartOf\":{\"@id\":\"http:\/\/www.cerrajeriasanjuan.com\/es\/#website\"},\"datePublished\":\"2014-07-11T11:14:46+00:00\",\"dateModified\":\"2015-11-14T07:22:30+00:00\",\"breadcrumb\":{\"@id\":\"http:\/\/www.cerrajeriasanjuan.com\/es\/rejas\/#breadcrumb\"},\"inLanguage\":\"es\",\"potentialAction\":[{\"@type\":\"ReadAction\",\"target\":[\"http:\/\/www.cerrajeriasanjuan.com\/es\/rejas\/\"]}]},{\"@type\":\"BreadcrumbList\",\"@id\":\"http:\/\/www.cerrajeriasanjuan.com\/es\/rejas\/#breadcrumb\",\"itemListElement\":[{\"@type\":\"ListItem\",\"position\":1,\"name\":\"Portada\",\"item\":\"http:\/\/www.cerrajeriasanjuan.com\/es\/\"},{\"@type\":\"ListItem\",\"position\":2,\"name\":\"REJAS\"}]},{\"@type\":\"WebSite\",\"@id\":\"http:\/\/www.cerrajeriasanjuan.com\/es\/#website\",\"url\":\"http:\/\/www.cerrajeriasanjuan.com\/es\/\",\"name\":\"CERRAJERIA SANJUAN\",\"description\":\"CERRAJERIA EN MARBELLA, rotulos, vallas publicitarias, luminosos, carteleria.\",\"potentialAction\":[{\"@type\":\"SearchAction\",\"target\":{\"@type\":\"EntryPoint\",\"urlTemplate\":\"http:\/\/www.cerrajeriasanjuan.com\/es\/?s={search_term_string}\"},\"query-input\":{\"@type\":\"PropertyValueSpecification\",\"valueRequired\":true,\"valueName\":\"search_term_string\"}}],\"inLanguage\":\"es\"}]}<\/script>\n<!-- \/ Yoast SEO plugin. -->","yoast_head_json":{"title":"REJAS - CERRAJERIA SANJUAN","robots":{"index":"index","follow":"follow","max-snippet":"max-snippet:-1","max-image-preview":"max-image-preview:large","max-video-preview":"max-video-preview:-1"},"canonical":"http:\/\/www.cerrajeriasanjuan.com\/es\/rejas\/","og_locale":"es_ES","og_type":"article","og_title":"REJAS - CERRAJERIA SANJUAN","og_description":"Realizamos todo tipo de\u00a0rejas\u00a0de dise\u00f1o, de tubo, hierro macizo, con ornamentos de pletina,\u00a0fragua\u00a0\u00f3\u00a0forja. estilo (mallorquino o veneciano, ojo de buey, castellano o toledano, ingl\u00e9s, ballestas o tijera, sencillo, moderno, decorativas, macizo o forja, rombo, etc.) D\u00edganos el modelo que quiere o env\u00edenos el suyo y lo valoramos sin ning\u00fan compromosio Nuestras rejas de seguridad, adem\u00e1s [&hellip;]","og_url":"http:\/\/www.cerrajeriasanjuan.com\/es\/rejas\/","og_site_name":"CERRAJERIA SANJUAN","article_modified_time":"2015-11-14T07:22:30+00:00","twitter_card":"summary_large_image","twitter_misc":{"Tiempo de lectura":"1 minuto"},"schema":{"@context":"https:\/\/schema.org","@graph":[{"@type":"WebPage","@id":"http:\/\/www.cerrajeriasanjuan.com\/es\/rejas\/","url":"http:\/\/www.cerrajeriasanjuan.com\/es\/rejas\/","name":"REJAS - CERRAJERIA SANJUAN","isPartOf":{"@id":"http:\/\/www.cerrajeriasanjuan.com\/es\/#website"},"datePublished":"2014-07-11T11:14:46+00:00","dateModified":"2015-11-14T07:22:30+00:00","breadcrumb":{"@id":"http:\/\/www.cerrajeriasanjuan.com\/es\/rejas\/#breadcrumb"},"inLanguage":"es","potentialAction":[{"@type":"ReadAction","target":["http:\/\/www.cerrajeriasanjuan.com\/es\/rejas\/"]}]},{"@type":"BreadcrumbList","@id":"http:\/\/www.cerrajeriasanjuan.com\/es\/rejas\/#breadcrumb","itemListElement":[{"@type":"ListItem","position":1,"name":"Portada","item":"http:\/\/www.cerrajeriasanjuan.com\/es\/"},{"@type":"ListItem","position":2,"name":"REJAS"}]},{"@type":"WebSite","@id":"http:\/\/www.cerrajeriasanjuan.com\/es\/#website","url":"http:\/\/www.cerrajeriasanjuan.com\/es\/","name":"CERRAJERIA SANJUAN","description":"CERRAJERIA EN MARBELLA, rotulos, vallas publicitarias, luminosos, carteleria.","potentialAction":[{"@type":"SearchAction","target":{"@type":"EntryPoint","urlTemplate":"http:\/\/www.cerrajeriasanjuan.com\/es\/?s={search_term_string}"},"query-input":{"@type":"PropertyValueSpecification","valueRequired":true,"valueName":"search_term_string"}}],"inLanguage":"es"}]}},"_links":{"self":[{"href":"http:\/\/www.cerrajeriasanjuan.com\/es\/wp-json\/wp\/v2\/pages\/175"}],"collection":[{"href":"http:\/\/www.cerrajeriasanjuan.com\/es\/wp-json\/wp\/v2\/pages"}],"about":[{"href":"http:\/\/www.cerrajeriasanjuan.com\/es\/wp-json\/wp\/v2\/types\/page"}],"author":[{"embeddable":true,"href":"http:\/\/www.cerrajeriasanjuan.com\/es\/wp-json\/wp\/v2\/users\/1"}],"replies":[{"embeddable":true,"href":"http:\/\/www.cerrajeriasanjuan.com\/es\/wp-json\/wp\/v2\/comments?post=175"}],"version-history":[{"count":9,"href":"http:\/\/www.cerrajeriasanjuan.com\/es\/wp-json\/wp\/v2\/pages\/175\/revisions"}],"predecessor-version":[{"id":504,"href":"http:\/\/www.cerrajeriasanjuan.com\/es\/wp-json\/wp\/v2\/pages\/175\/revisions\/504"}],"wp:attachment":[{"href":"http:\/\/www.cerrajeriasanjuan.com\/es\/wp-json\/wp\/v2\/media?parent=175"}],"curies":[{"name":"wp","href":"https:\/\/api.w.org\/{rel}","templated":true}]}}