{"id":187,"date":"2014-07-11T11:43:47","date_gmt":"2014-07-11T11:43:47","guid":{"rendered":"http:\/\/www.cerrajeriasanjuan.com\/es\/?page_id=187"},"modified":"2014-07-12T06:17:59","modified_gmt":"2014-07-12T06:17:59","slug":"historia","status":"publish","type":"page","link":"http:\/\/www.cerrajeriasanjuan.com\/es\/historia\/","title":{"rendered":"HISTORIA"},"content":{"rendered":"<p>[et_pb_section][et_pb_row][et_pb_column type=\u00bb1_2&#8243;][et_pb_text admin_label=\u00bbText\u00bb background_layout=\u00bblight\u00bb text_orientation=\u00bbleft\u00bb]<\/p>\n<p style=\"color: #000000; text-align: justify;\" align=\"justify\">\u00a0<\/p>\n<p style=\"color: #000000; text-align: justify;\" align=\"justify\"><span class=\"INFORMACION\"><span class=\"RESALTE\" style=\"color: #002db2;\">Cerrajer\u00eda Sanju\u00e1n<\/span>\u00a0<span class=\"texto\">es una empresa familiar en la cual en estos momentos est\u00e1mos al frente de ella en la SEGUNDA GENERACI\u00d3N, esta empresa fu\u00e9 fundada por D. Alfonso Sanju\u00e1n Dom\u00ednguez, en 1989 despu\u00e9s de llevar muchos a\u00f1os trabajando, Fabricando e Instalando Carteles Publicitarios, con la ampliaci\u00f3n del servicios incluyendo otros tipos de trabajos de hierro y forja fundando la ya mencionada CERRAJERIA SANJUAN.<\/span><\/span><\/p>\n<p style=\"color: #000000; text-align: justify;\" align=\"justify\">\u00a0<\/p>\n<p style=\"color: #000000; text-align: justify;\" align=\"justify\"><span class=\"INFORMACION\"><span class=\"texto\">Despues de estos a\u00f1os seguimos transmientiendo los valores y experiencia que nos traslado D. Alfonso Sanju\u00e1n creemos que estamos a la cabeza del nuestro sector cumpliendo con la exigencias con nos demanda el nuevo mercado de hoy en d\u00eda<\/span><\/span><\/p>\n<p>[\/et_pb_text][\/et_pb_column][et_pb_column type=\u00bb1_2&#8243;][et_pb_gallery admin_label=\u00bbGallery\u00bb gallery_ids=\u00bb192,193,194,195&#8243; fullwidth=\u00bboff\u00bb posts_number=\u00bb4&#8243; show_title_and_caption=\u00bboff\u00bb show_pagination=\u00bbon\u00bb background_layout=\u00bblight\u00bb \/][\/et_pb_column][\/et_pb_row][\/et_pb_section]<\/p>\n","protected":false},"excerpt":{"rendered":"<p><div class=\"et_pb_section et_pb_section_0 et_section_regular\" >\n\t\t\t\t\n\t\t\t\t\n\t\t\t\t\n\t\t\t\t\n\t\t\t\t\n\t\t\t\t\n\t\t\t\t\n\t\t\t\t\n\t\t\t\t\n\t\t\t<\/div><div class=\"et_pb_row et_pb_row_0 et_pb_row_empty\">\n\t\t\t\t\n\t\t\t\t\n\t\t\t\t\n\t\t\t\t\n\t\t\t\t\n\t\t\t<\/div>\u00a0Cerrajer\u00eda Sanju\u00e1n\u00a0es una empresa familiar en la cual en estos momentos est\u00e1mos al frente de ella en la SEGUNDA GENERACI\u00d3N, esta empresa fu\u00e9 fundada por D. Alfonso Sanju\u00e1n Dom\u00ednguez, en 1989 despu\u00e9s de llevar muchos a\u00f1os trabajando, Fabricando e Instalando Carteles Publicitarios, con la ampliaci\u00f3n del servicios incluyendo otros tipos de trabajos de hierro y [&hellip;]<\/p>\n","protected":false},"author":1,"featured_media":0,"parent":0,"menu_order":0,"comment_status":"open","ping_status":"open","template":"","meta":{"_et_pb_use_builder":"on","_et_pb_old_content":"","_et_gb_content_width":"","_joinchat":[],"footnotes":""},"class_list":["post-187","page","type-page","status-publish","hentry"],"yoast_head":"<!-- This site is optimized with the Yoast SEO plugin v23.6 - https:\/\/yoast.com\/wordpress\/plugins\/seo\/ -->\n<title>HISTORIA - CERRAJERIA SANJUAN<\/title>\n<meta name=\"robots\" content=\"index, follow, max-snippet:-1, max-image-preview:large, max-video-preview:-1\" \/>\n<link rel=\"canonical\" href=\"http:\/\/www.cerrajeriasanjuan.com\/es\/historia\/\" \/>\n<meta property=\"og:locale\" content=\"es_ES\" \/>\n<meta property=\"og:type\" content=\"article\" \/>\n<meta property=\"og:title\" content=\"HISTORIA - CERRAJERIA SANJUAN\" \/>\n<meta property=\"og:description\" content=\"\u00a0Cerrajer\u00eda Sanju\u00e1n\u00a0es una empresa familiar en la cual en estos momentos est\u00e1mos al frente de ella en la SEGUNDA GENERACI\u00d3N, esta empresa fu\u00e9 fundada por D. Alfonso Sanju\u00e1n Dom\u00ednguez, en 1989 despu\u00e9s de llevar muchos a\u00f1os trabajando, Fabricando e Instalando Carteles Publicitarios, con la ampliaci\u00f3n del servicios incluyendo otros tipos de trabajos de hierro y [&hellip;]\" \/>\n<meta property=\"og:url\" content=\"http:\/\/www.cerrajeriasanjuan.com\/es\/historia\/\" \/>\n<meta property=\"og:site_name\" content=\"CERRAJERIA SANJUAN\" \/>\n<meta property=\"article:modified_time\" content=\"2014-07-12T06:17:59+00:00\" \/>\n<meta name=\"twitter:card\" content=\"summary_large_image\" \/>\n<meta name=\"twitter:label1\" content=\"Tiempo de lectura\" \/>\n\t<meta name=\"twitter:data1\" content=\"1 minuto\" \/>\n<script type=\"application\/ld+json\" class=\"yoast-schema-graph\">{\"@context\":\"https:\/\/schema.org\",\"@graph\":[{\"@type\":\"WebPage\",\"@id\":\"http:\/\/www.cerrajeriasanjuan.com\/es\/historia\/\",\"url\":\"http:\/\/www.cerrajeriasanjuan.com\/es\/historia\/\",\"name\":\"HISTORIA - CERRAJERIA SANJUAN\",\"isPartOf\":{\"@id\":\"http:\/\/www.cerrajeriasanjuan.com\/es\/#website\"},\"datePublished\":\"2014-07-11T11:43:47+00:00\",\"dateModified\":\"2014-07-12T06:17:59+00:00\",\"breadcrumb\":{\"@id\":\"http:\/\/www.cerrajeriasanjuan.com\/es\/historia\/#breadcrumb\"},\"inLanguage\":\"es\",\"potentialAction\":[{\"@type\":\"ReadAction\",\"target\":[\"http:\/\/www.cerrajeriasanjuan.com\/es\/historia\/\"]}]},{\"@type\":\"BreadcrumbList\",\"@id\":\"http:\/\/www.cerrajeriasanjuan.com\/es\/historia\/#breadcrumb\",\"itemListElement\":[{\"@type\":\"ListItem\",\"position\":1,\"name\":\"Portada\",\"item\":\"http:\/\/www.cerrajeriasanjuan.com\/es\/\"},{\"@type\":\"ListItem\",\"position\":2,\"name\":\"HISTORIA\"}]},{\"@type\":\"WebSite\",\"@id\":\"http:\/\/www.cerrajeriasanjuan.com\/es\/#website\",\"url\":\"http:\/\/www.cerrajeriasanjuan.com\/es\/\",\"name\":\"CERRAJERIA SANJUAN\",\"description\":\"CERRAJERIA EN MARBELLA, rotulos, vallas publicitarias, luminosos, carteleria.\",\"potentialAction\":[{\"@type\":\"SearchAction\",\"target\":{\"@type\":\"EntryPoint\",\"urlTemplate\":\"http:\/\/www.cerrajeriasanjuan.com\/es\/?s={search_term_string}\"},\"query-input\":{\"@type\":\"PropertyValueSpecification\",\"valueRequired\":true,\"valueName\":\"search_term_string\"}}],\"inLanguage\":\"es\"}]}<\/script>\n<!-- \/ Yoast SEO plugin. -->","yoast_head_json":{"title":"HISTORIA - CERRAJERIA SANJUAN","robots":{"index":"index","follow":"follow","max-snippet":"max-snippet:-1","max-image-preview":"max-image-preview:large","max-video-preview":"max-video-preview:-1"},"canonical":"http:\/\/www.cerrajeriasanjuan.com\/es\/historia\/","og_locale":"es_ES","og_type":"article","og_title":"HISTORIA - CERRAJERIA SANJUAN","og_description":"\u00a0Cerrajer\u00eda Sanju\u00e1n\u00a0es una empresa familiar en la cual en estos momentos est\u00e1mos al frente de ella en la SEGUNDA GENERACI\u00d3N, esta empresa fu\u00e9 fundada por D. Alfonso Sanju\u00e1n Dom\u00ednguez, en 1989 despu\u00e9s de llevar muchos a\u00f1os trabajando, Fabricando e Instalando Carteles Publicitarios, con la ampliaci\u00f3n del servicios incluyendo otros tipos de trabajos de hierro y [&hellip;]","og_url":"http:\/\/www.cerrajeriasanjuan.com\/es\/historia\/","og_site_name":"CERRAJERIA SANJUAN","article_modified_time":"2014-07-12T06:17:59+00:00","twitter_card":"summary_large_image","twitter_misc":{"Tiempo de lectura":"1 minuto"},"schema":{"@context":"https:\/\/schema.org","@graph":[{"@type":"WebPage","@id":"http:\/\/www.cerrajeriasanjuan.com\/es\/historia\/","url":"http:\/\/www.cerrajeriasanjuan.com\/es\/historia\/","name":"HISTORIA - CERRAJERIA SANJUAN","isPartOf":{"@id":"http:\/\/www.cerrajeriasanjuan.com\/es\/#website"},"datePublished":"2014-07-11T11:43:47+00:00","dateModified":"2014-07-12T06:17:59+00:00","breadcrumb":{"@id":"http:\/\/www.cerrajeriasanjuan.com\/es\/historia\/#breadcrumb"},"inLanguage":"es","potentialAction":[{"@type":"ReadAction","target":["http:\/\/www.cerrajeriasanjuan.com\/es\/historia\/"]}]},{"@type":"BreadcrumbList","@id":"http:\/\/www.cerrajeriasanjuan.com\/es\/historia\/#breadcrumb","itemListElement":[{"@type":"ListItem","position":1,"name":"Portada","item":"http:\/\/www.cerrajeriasanjuan.com\/es\/"},{"@type":"ListItem","position":2,"name":"HISTORIA"}]},{"@type":"WebSite","@id":"http:\/\/www.cerrajeriasanjuan.com\/es\/#website","url":"http:\/\/www.cerrajeriasanjuan.com\/es\/","name":"CERRAJERIA SANJUAN","description":"CERRAJERIA EN MARBELLA, rotulos, vallas publicitarias, luminosos, carteleria.","potentialAction":[{"@type":"SearchAction","target":{"@type":"EntryPoint","urlTemplate":"http:\/\/www.cerrajeriasanjuan.com\/es\/?s={search_term_string}"},"query-input":{"@type":"PropertyValueSpecification","valueRequired":true,"valueName":"search_term_string"}}],"inLanguage":"es"}]}},"_links":{"self":[{"href":"http:\/\/www.cerrajeriasanjuan.com\/es\/wp-json\/wp\/v2\/pages\/187"}],"collection":[{"href":"http:\/\/www.cerrajeriasanjuan.com\/es\/wp-json\/wp\/v2\/pages"}],"about":[{"href":"http:\/\/www.cerrajeriasanjuan.com\/es\/wp-json\/wp\/v2\/types\/page"}],"author":[{"embeddable":true,"href":"http:\/\/www.cerrajeriasanjuan.com\/es\/wp-json\/wp\/v2\/users\/1"}],"replies":[{"embeddable":true,"href":"http:\/\/www.cerrajeriasanjuan.com\/es\/wp-json\/wp\/v2\/comments?post=187"}],"version-history":[{"count":7,"href":"http:\/\/www.cerrajeriasanjuan.com\/es\/wp-json\/wp\/v2\/pages\/187\/revisions"}],"predecessor-version":[{"id":352,"href":"http:\/\/www.cerrajeriasanjuan.com\/es\/wp-json\/wp\/v2\/pages\/187\/revisions\/352"}],"wp:attachment":[{"href":"http:\/\/www.cerrajeriasanjuan.com\/es\/wp-json\/wp\/v2\/media?parent=187"}],"curies":[{"name":"wp","href":"https:\/\/api.w.org\/{rel}","templated":true}]}}