{"id":448,"date":"2015-10-13T10:57:59","date_gmt":"2015-10-13T10:57:59","guid":{"rendered":"http:\/\/www.cerrajeriasanjuan.com\/es\/?page_id=448"},"modified":"2017-04-08T08:56:05","modified_gmt":"2017-04-08T08:56:05","slug":"estructura-para-gimnasio-croosfit","status":"publish","type":"page","link":"http:\/\/www.cerrajeriasanjuan.com\/es\/estructura-para-gimnasio-croosfit\/","title":{"rendered":"ESTRUCTURA PARA GIMNASIO CROOSFIT"},"content":{"rendered":"<p>[et_pb_section bb_built=\u00bb1&#8243; admin_label=\u00bbSecci\u00f3n\u00bb fullwidth=\u00bboff\u00bb specialty=\u00bboff\u00bb][et_pb_row admin_label=\u00bbFila\u00bb][et_pb_column type=\u00bb3_4&#8243;][et_pb_divider admin_label=\u00bbSeparador\u00bb color=\u00bb#ffffff\u00bb show_divider=\u00bboff\u00bb height=\u00bb40&#8243; divider_style=\u00bbsolid\u00bb divider_position=\u00bbtop\u00bb hide_on_mobile=\u00bbon\u00bb \/][et_pb_text admin_label=\u00bbTexto\u00bb background_layout=\u00bblight\u00bb text_orientation=\u00bbleft\u00bb use_border_color=\u00bboff\u00bb border_color=\u00bb#ffffff\u00bb border_style=\u00bbsolid\u00bb]<\/p>\n<h3 style=\"text-align: center;\"><strong>FABRICACION ARTESANAL &#8211; PRECIOS MUY COMPETITIVOS<\/strong><\/h3>\n<p>[\/et_pb_text][et_pb_text admin_label=\u00bbTexto\u00bb background_layout=\u00bblight\u00bb text_orientation=\u00bbleft\u00bb use_border_color=\u00bboff\u00bb border_color=\u00bb#ffffff\u00bb border_style=\u00bbsolid\u00bb]<\/p>\n<h4><\/h4>\n<h4><\/h4>\n<h4>CROSSFIT Y\u00a0FUNCTIONAL. Estructuras tal como las necesitas. Fabricadas en Espa\u00f1a para ti. Variedad de accesorios para optimizar los resultados. Ajustes precisos a la posici\u00f3n id\u00f3nea. S\u00f3lidos anclajes de uso r\u00e1pido y seguros.<\/h4>\n<p>[\/et_pb_text][et_pb_cta admin_label=\u00bbLlamada a la acci\u00f3n\u00bb title=\u00bbALGUNOS DE NUESTROS TRABAJOS DE ESTRUCTURAS DE CROSSFIT\u00bb url_new_window=\u00bboff\u00bb use_background_color=\u00bbon\u00bb background_color=\u00bb#000000&#8243; background_layout=\u00bbdark\u00bb text_orientation=\u00bbcenter\u00bb use_border_color=\u00bboff\u00bb border_color=\u00bb#ffffff\u00bb border_style=\u00bbsolid\u00bb custom_button=\u00bboff\u00bb button_letter_spacing=\u00bb0&#8243; button_use_icon=\u00bbdefault\u00bb button_icon_placement=\u00bbright\u00bb button_on_hover=\u00bbon\u00bb button_letter_spacing_hover=\u00bb0&#8243; \/][\/et_pb_column][et_pb_column type=\u00bb1_4&#8243;][et_pb_image admin_label=\u00bbImagen\u00bb src=\u00bbhttp:\/\/www.cerrajeriasanjuan.com\/wp-content\/uploads\/2015\/10\/Estructura-Gimnasio.jpg\u00bb show_in_lightbox=\u00bboff\u00bb url_new_window=\u00bboff\u00bb animation=\u00bbleft\u00bb sticky=\u00bboff\u00bb align=\u00bbleft\u00bb force_fullwidth=\u00bboff\u00bb always_center_on_mobile=\u00bbon\u00bb use_border_color=\u00bboff\u00bb border_color=\u00bb#ffffff\u00bb border_style=\u00bbsolid\u00bb use_overlay=\u00bboff\u00bb \/][\/et_pb_column][\/et_pb_row][\/et_pb_section][et_pb_section bb_built=\u00bb1&#8243; admin_label=\u00bbSecci\u00f3n\u00bb fullwidth=\u00bboff\u00bb specialty=\u00bboff\u00bb][et_pb_row admin_label=\u00bbFila\u00bb][et_pb_column type=\u00bb4_4&#8243;][et_pb_portfolio admin_label=\u00bbPortafolios\u00bb fullwidth=\u00bboff\u00bb include_categories=\u00bb7&#8243; show_title=\u00bbon\u00bb show_categories=\u00bbon\u00bb show_pagination=\u00bbon\u00bb background_layout=\u00bblight\u00bb hover_overlay_color=\u00bbrgba(255,255,255,0.9)\u00bb use_border_color=\u00bboff\u00bb border_color=\u00bb#ffffff\u00bb border_style=\u00bbsolid\u00bb \/][\/et_pb_column][\/et_pb_row][\/et_pb_section]<\/p>\n","protected":false},"excerpt":{"rendered":"<p>FABRICACION ARTESANAL &#8211; PRECIOS MUY COMPETITIVOS CROSSFIT Y\u00a0FUNCTIONAL. Estructuras tal como las necesitas. Fabricadas en Espa\u00f1a para ti. Variedad de accesorios para optimizar los resultados. Ajustes precisos a la posici\u00f3n id\u00f3nea. S\u00f3lidos anclajes de uso r\u00e1pido y seguros.<\/p>\n","protected":false},"author":1,"featured_media":0,"parent":0,"menu_order":0,"comment_status":"closed","ping_status":"closed","template":"","meta":{"_et_pb_use_builder":"on","_et_pb_old_content":"<p>CROSSFIT Y\u00a0FUNCTIONAL. Estructuras tal como las necesitas. Fabricadas en Espa\u00f1a para ti. Variedad de accesorios para optimizar los resultados. Ajustes precisos a la posici\u00f3n id\u00f3nea. S\u00f3lidos anclajes de uso r\u00e1pido y seguros. Catalogo en revisi\u00f3n<\/p>","_et_gb_content_width":"","_joinchat":[],"footnotes":""},"class_list":["post-448","page","type-page","status-publish","hentry"],"yoast_head":"<!-- This site is optimized with the Yoast SEO plugin v23.6 - https:\/\/yoast.com\/wordpress\/plugins\/seo\/ -->\n<title>ESTRUCTURA PARA GIMNASIO CROOSFIT - CERRAJERIA SANJUAN<\/title>\n<meta name=\"robots\" content=\"index, follow, max-snippet:-1, max-image-preview:large, max-video-preview:-1\" \/>\n<link rel=\"canonical\" href=\"http:\/\/www.cerrajeriasanjuan.com\/es\/estructura-para-gimnasio-croosfit\/\" \/>\n<meta property=\"og:locale\" content=\"es_ES\" \/>\n<meta property=\"og:type\" content=\"article\" \/>\n<meta property=\"og:title\" content=\"ESTRUCTURA PARA GIMNASIO CROOSFIT - CERRAJERIA SANJUAN\" \/>\n<meta property=\"og:description\" content=\"FABRICACION ARTESANAL - PRECIOS MUY COMPETITIVOS CROSSFIT Y\u00a0FUNCTIONAL. Estructuras tal como las necesitas. Fabricadas en Espa\u00f1a para ti. Variedad de accesorios para optimizar los resultados. Ajustes precisos a la posici\u00f3n id\u00f3nea. S\u00f3lidos anclajes de uso r\u00e1pido y seguros.\" \/>\n<meta property=\"og:url\" content=\"http:\/\/www.cerrajeriasanjuan.com\/es\/estructura-para-gimnasio-croosfit\/\" \/>\n<meta property=\"og:site_name\" content=\"CERRAJERIA SANJUAN\" \/>\n<meta property=\"article:modified_time\" content=\"2017-04-08T08:56:05+00:00\" \/>\n<meta name=\"twitter:card\" content=\"summary_large_image\" \/>\n<meta name=\"twitter:label1\" content=\"Tiempo de lectura\" \/>\n\t<meta name=\"twitter:data1\" content=\"2 minutos\" \/>\n<script type=\"application\/ld+json\" class=\"yoast-schema-graph\">{\"@context\":\"https:\/\/schema.org\",\"@graph\":[{\"@type\":\"WebPage\",\"@id\":\"http:\/\/www.cerrajeriasanjuan.com\/es\/estructura-para-gimnasio-croosfit\/\",\"url\":\"http:\/\/www.cerrajeriasanjuan.com\/es\/estructura-para-gimnasio-croosfit\/\",\"name\":\"ESTRUCTURA PARA GIMNASIO CROOSFIT - CERRAJERIA SANJUAN\",\"isPartOf\":{\"@id\":\"http:\/\/www.cerrajeriasanjuan.com\/es\/#website\"},\"datePublished\":\"2015-10-13T10:57:59+00:00\",\"dateModified\":\"2017-04-08T08:56:05+00:00\",\"breadcrumb\":{\"@id\":\"http:\/\/www.cerrajeriasanjuan.com\/es\/estructura-para-gimnasio-croosfit\/#breadcrumb\"},\"inLanguage\":\"es\",\"potentialAction\":[{\"@type\":\"ReadAction\",\"target\":[\"http:\/\/www.cerrajeriasanjuan.com\/es\/estructura-para-gimnasio-croosfit\/\"]}]},{\"@type\":\"BreadcrumbList\",\"@id\":\"http:\/\/www.cerrajeriasanjuan.com\/es\/estructura-para-gimnasio-croosfit\/#breadcrumb\",\"itemListElement\":[{\"@type\":\"ListItem\",\"position\":1,\"name\":\"Portada\",\"item\":\"http:\/\/www.cerrajeriasanjuan.com\/es\/\"},{\"@type\":\"ListItem\",\"position\":2,\"name\":\"ESTRUCTURA PARA GIMNASIO CROOSFIT\"}]},{\"@type\":\"WebSite\",\"@id\":\"http:\/\/www.cerrajeriasanjuan.com\/es\/#website\",\"url\":\"http:\/\/www.cerrajeriasanjuan.com\/es\/\",\"name\":\"CERRAJERIA SANJUAN\",\"description\":\"CERRAJERIA EN MARBELLA, rotulos, vallas publicitarias, luminosos, carteleria.\",\"potentialAction\":[{\"@type\":\"SearchAction\",\"target\":{\"@type\":\"EntryPoint\",\"urlTemplate\":\"http:\/\/www.cerrajeriasanjuan.com\/es\/?s={search_term_string}\"},\"query-input\":{\"@type\":\"PropertyValueSpecification\",\"valueRequired\":true,\"valueName\":\"search_term_string\"}}],\"inLanguage\":\"es\"}]}<\/script>\n<!-- \/ Yoast SEO plugin. -->","yoast_head_json":{"title":"ESTRUCTURA PARA GIMNASIO CROOSFIT - CERRAJERIA SANJUAN","robots":{"index":"index","follow":"follow","max-snippet":"max-snippet:-1","max-image-preview":"max-image-preview:large","max-video-preview":"max-video-preview:-1"},"canonical":"http:\/\/www.cerrajeriasanjuan.com\/es\/estructura-para-gimnasio-croosfit\/","og_locale":"es_ES","og_type":"article","og_title":"ESTRUCTURA PARA GIMNASIO CROOSFIT - CERRAJERIA SANJUAN","og_description":"FABRICACION ARTESANAL - PRECIOS MUY COMPETITIVOS CROSSFIT Y\u00a0FUNCTIONAL. Estructuras tal como las necesitas. Fabricadas en Espa\u00f1a para ti. Variedad de accesorios para optimizar los resultados. Ajustes precisos a la posici\u00f3n id\u00f3nea. S\u00f3lidos anclajes de uso r\u00e1pido y seguros.","og_url":"http:\/\/www.cerrajeriasanjuan.com\/es\/estructura-para-gimnasio-croosfit\/","og_site_name":"CERRAJERIA SANJUAN","article_modified_time":"2017-04-08T08:56:05+00:00","twitter_card":"summary_large_image","twitter_misc":{"Tiempo de lectura":"2 minutos"},"schema":{"@context":"https:\/\/schema.org","@graph":[{"@type":"WebPage","@id":"http:\/\/www.cerrajeriasanjuan.com\/es\/estructura-para-gimnasio-croosfit\/","url":"http:\/\/www.cerrajeriasanjuan.com\/es\/estructura-para-gimnasio-croosfit\/","name":"ESTRUCTURA PARA GIMNASIO CROOSFIT - CERRAJERIA SANJUAN","isPartOf":{"@id":"http:\/\/www.cerrajeriasanjuan.com\/es\/#website"},"datePublished":"2015-10-13T10:57:59+00:00","dateModified":"2017-04-08T08:56:05+00:00","breadcrumb":{"@id":"http:\/\/www.cerrajeriasanjuan.com\/es\/estructura-para-gimnasio-croosfit\/#breadcrumb"},"inLanguage":"es","potentialAction":[{"@type":"ReadAction","target":["http:\/\/www.cerrajeriasanjuan.com\/es\/estructura-para-gimnasio-croosfit\/"]}]},{"@type":"BreadcrumbList","@id":"http:\/\/www.cerrajeriasanjuan.com\/es\/estructura-para-gimnasio-croosfit\/#breadcrumb","itemListElement":[{"@type":"ListItem","position":1,"name":"Portada","item":"http:\/\/www.cerrajeriasanjuan.com\/es\/"},{"@type":"ListItem","position":2,"name":"ESTRUCTURA PARA GIMNASIO CROOSFIT"}]},{"@type":"WebSite","@id":"http:\/\/www.cerrajeriasanjuan.com\/es\/#website","url":"http:\/\/www.cerrajeriasanjuan.com\/es\/","name":"CERRAJERIA SANJUAN","description":"CERRAJERIA EN MARBELLA, rotulos, vallas publicitarias, luminosos, carteleria.","potentialAction":[{"@type":"SearchAction","target":{"@type":"EntryPoint","urlTemplate":"http:\/\/www.cerrajeriasanjuan.com\/es\/?s={search_term_string}"},"query-input":{"@type":"PropertyValueSpecification","valueRequired":true,"valueName":"search_term_string"}}],"inLanguage":"es"}]}},"_links":{"self":[{"href":"http:\/\/www.cerrajeriasanjuan.com\/es\/wp-json\/wp\/v2\/pages\/448"}],"collection":[{"href":"http:\/\/www.cerrajeriasanjuan.com\/es\/wp-json\/wp\/v2\/pages"}],"about":[{"href":"http:\/\/www.cerrajeriasanjuan.com\/es\/wp-json\/wp\/v2\/types\/page"}],"author":[{"embeddable":true,"href":"http:\/\/www.cerrajeriasanjuan.com\/es\/wp-json\/wp\/v2\/users\/1"}],"replies":[{"embeddable":true,"href":"http:\/\/www.cerrajeriasanjuan.com\/es\/wp-json\/wp\/v2\/comments?post=448"}],"version-history":[{"count":11,"href":"http:\/\/www.cerrajeriasanjuan.com\/es\/wp-json\/wp\/v2\/pages\/448\/revisions"}],"predecessor-version":[{"id":747,"href":"http:\/\/www.cerrajeriasanjuan.com\/es\/wp-json\/wp\/v2\/pages\/448\/revisions\/747"}],"wp:attachment":[{"href":"http:\/\/www.cerrajeriasanjuan.com\/es\/wp-json\/wp\/v2\/media?parent=448"}],"curies":[{"name":"wp","href":"https:\/\/api.w.org\/{rel}","templated":true}]}}