{"id":622,"date":"2017-01-17T16:46:27","date_gmt":"2017-01-17T16:46:27","guid":{"rendered":"http:\/\/www.cerrajeriasanjuan.com\/es\/?page_id=622"},"modified":"2017-07-11T17:37:48","modified_gmt":"2017-07-11T17:37:48","slug":"acero-inoxidable","status":"publish","type":"page","link":"http:\/\/www.cerrajeriasanjuan.com\/es\/acero-inoxidable\/","title":{"rendered":"Acero Inoxidable"},"content":{"rendered":"<p>[et_pb_section bb_built=\u00bb1&#8243; fullwidth=\u00bbon\u00bb specialty=\u00bboff\u00bb][et_pb_fullwidth_image src=\u00bbhttp:\/\/www.cerrajeriasanjuan.com\/wp-content\/uploads\/2017\/01\/Barandillas-Acero-inoxidable-con-curva.jpg\u00bb show_in_lightbox=\u00bboff\u00bb url_new_window=\u00bboff\u00bb use_overlay=\u00bboff\u00bb animation=\u00bbleft\u00bb use_border_color=\u00bboff\u00bb border_color=\u00bb#ffffff\u00bb border_style=\u00bbsolid\u00bb _builder_version=\u00bb3.0.62&#8243; \/][\/et_pb_section][et_pb_section bb_built=\u00bb1&#8243; admin_label=\u00bbsection\u00bb][et_pb_row admin_label=\u00bbrow\u00bb make_fullwidth=\u00bbon\u00bb use_custom_width=\u00bboff\u00bb width_unit=\u00bbon\u00bb use_custom_gutter=\u00bboff\u00bb allow_player_pause=\u00bboff\u00bb parallax=\u00bboff\u00bb parallax_method=\u00bboff\u00bb make_equal=\u00bboff\u00bb parallax_1=\u00bboff\u00bb parallax_method_1=\u00bboff\u00bb background_position=\u00bbtop_left\u00bb background_repeat=\u00bbrepeat\u00bb background_size=\u00bbinitial\u00bb][et_pb_column type=\u00bb4_4&#8243;][et_pb_text background_layout=\u00bblight\u00bb text_orientation=\u00bbleft\u00bb border_style=\u00bbsolid\u00bb background_position=\u00bbtop_left\u00bb background_repeat=\u00bbrepeat\u00bb background_size=\u00bbinitial\u00bb _builder_version=\u00bb3.0.62&#8243;]<\/p>\n<p>ACERO INOXIDABLE MARBELLA<\/p>\n<p>En nuestros trabajos de <b>cerrajer\u00eda en acero inoxidable en MARBELLA<\/b>\u00a0no solo dotamos a las estructuras y elementos arquitect\u00f3nicos que nos solicite de las excelentes propiedades de este material, sino que tambi\u00e9n manejamos el mismo con destreza para lograr un resultado atractivo, dentro de una est\u00e9tica que se corresponda con el inmueble en el que vayan a ser empleados. Nuestro personal cuenta con preparaci\u00f3n, experiencia y la maquinaria indicada para producir todas las soluciones habituales en este campo, ya sea en acero inoxidable.<\/p>\n<p>[\/et_pb_text][et_pb_text background_layout=\u00bblight\u00bb text_orientation=\u00bbleft\u00bb use_border_color=\u00bboff\u00bb border_color=\u00bb#ffffff\u00bb border_style=\u00bbsolid\u00bb background_position=\u00bbtop_left\u00bb background_repeat=\u00bbrepeat\u00bb background_size=\u00bbinitial\u00bb]<\/p>\n<p>Todo lo relacionado con <b>cerrajer\u00eda de acero inoxidable en Marbella<\/b>. Ya desee instalar una robusta escalera a su medida, cambiar la puerta de su edificio o instalar rejas y barandillas en una nueva obra, estaremos en disposici\u00f3n de entregarle la soluci\u00f3n que desea. Los cortes y plegados tambi\u00e9n forman parte de nuestra oferta<\/p>\n<p>[\/et_pb_text][et_pb_gallery gallery_ids=\u00bb623,624,625,626,627,629,652,651,649,648,769,770,771&#8243; fullwidth=\u00bboff\u00bb show_title_and_caption=\u00bboff\u00bb show_pagination=\u00bboff\u00bb background_layout=\u00bblight\u00bb auto=\u00bboff\u00bb hover_overlay_color=\u00bbrgba(255,255,255,0.9)\u00bb use_border_color=\u00bboff\u00bb border_color=\u00bb#ffffff\u00bb border_style=\u00bbsolid\u00bb posts_number=\u00bb12&#8243; orientation=\u00bblandscape\u00bb \/][\/et_pb_column][\/et_pb_row][\/et_pb_section]<\/p>\n","protected":false},"excerpt":{"rendered":"<p>ACERO INOXIDABLE MARBELLA En nuestros trabajos de cerrajer\u00eda en acero inoxidable en MARBELLA\u00a0no solo dotamos a las estructuras y elementos arquitect\u00f3nicos que nos solicite de las excelentes propiedades de este material, sino que tambi\u00e9n manejamos el mismo con destreza para lograr un resultado atractivo, dentro de una est\u00e9tica que se corresponda con el inmueble en [&hellip;]<\/p>\n","protected":false},"author":1,"featured_media":0,"parent":0,"menu_order":0,"comment_status":"closed","ping_status":"closed","template":"","meta":{"_et_pb_use_builder":"on","_et_pb_old_content":"","_et_gb_content_width":"","_joinchat":[],"footnotes":""},"class_list":["post-622","page","type-page","status-publish","hentry"],"yoast_head":"<!-- This site is optimized with the Yoast SEO plugin v23.6 - https:\/\/yoast.com\/wordpress\/plugins\/seo\/ -->\n<title>ACERO INOXIDABLE MARBELLA, CERRAJERIA SAN JUAN<\/title>\n<meta name=\"description\" content=\"Acero inosidable Marbella -Barandillas acero inoxidable - Puertas acero inoxidable - Barandillas de cristal con acero inoxidable - Letras acero inoxidable - Muebles para cocina acero inoxidable Muebles acero inoxidable - Barandillaa cable acero inoxidable - Chapas acero inoxidable - Mesas acero inoxidable - Estructura acero inoxidable\" \/>\n<meta name=\"robots\" content=\"index, follow, max-snippet:-1, max-image-preview:large, max-video-preview:-1\" \/>\n<link rel=\"canonical\" href=\"http:\/\/www.cerrajeriasanjuan.com\/es\/acero-inoxidable\/\" \/>\n<meta property=\"og:locale\" content=\"es_ES\" \/>\n<meta property=\"og:type\" content=\"article\" \/>\n<meta property=\"og:title\" content=\"ACERO INOXIDABLE MARBELLA, CERRAJERIA SAN JUAN\" \/>\n<meta property=\"og:description\" content=\"Acero inosidable Marbella -Barandillas acero inoxidable - Puertas acero inoxidable - Barandillas de cristal con acero inoxidable - Letras acero inoxidable - Muebles para cocina acero inoxidable Muebles acero inoxidable - Barandillaa cable acero inoxidable - Chapas acero inoxidable - Mesas acero inoxidable - Estructura acero inoxidable\" \/>\n<meta property=\"og:url\" content=\"http:\/\/www.cerrajeriasanjuan.com\/es\/acero-inoxidable\/\" \/>\n<meta property=\"og:site_name\" content=\"CERRAJERIA SANJUAN\" \/>\n<meta property=\"article:modified_time\" content=\"2017-07-11T17:37:48+00:00\" \/>\n<meta name=\"twitter:card\" content=\"summary_large_image\" \/>\n<meta name=\"twitter:label1\" content=\"Tiempo de lectura\" \/>\n\t<meta name=\"twitter:data1\" content=\"2 minutos\" \/>\n<script type=\"application\/ld+json\" class=\"yoast-schema-graph\">{\"@context\":\"https:\/\/schema.org\",\"@graph\":[{\"@type\":\"WebPage\",\"@id\":\"http:\/\/www.cerrajeriasanjuan.com\/es\/acero-inoxidable\/\",\"url\":\"http:\/\/www.cerrajeriasanjuan.com\/es\/acero-inoxidable\/\",\"name\":\"ACERO INOXIDABLE MARBELLA, CERRAJERIA SAN JUAN\",\"isPartOf\":{\"@id\":\"http:\/\/www.cerrajeriasanjuan.com\/es\/#website\"},\"datePublished\":\"2017-01-17T16:46:27+00:00\",\"dateModified\":\"2017-07-11T17:37:48+00:00\",\"description\":\"Acero inosidable Marbella -Barandillas acero inoxidable - Puertas acero inoxidable - Barandillas de cristal con acero inoxidable - Letras acero inoxidable - Muebles para cocina acero inoxidable Muebles acero inoxidable - Barandillaa cable acero inoxidable - Chapas acero inoxidable - Mesas acero inoxidable - Estructura acero inoxidable\",\"breadcrumb\":{\"@id\":\"http:\/\/www.cerrajeriasanjuan.com\/es\/acero-inoxidable\/#breadcrumb\"},\"inLanguage\":\"es\",\"potentialAction\":[{\"@type\":\"ReadAction\",\"target\":[\"http:\/\/www.cerrajeriasanjuan.com\/es\/acero-inoxidable\/\"]}]},{\"@type\":\"BreadcrumbList\",\"@id\":\"http:\/\/www.cerrajeriasanjuan.com\/es\/acero-inoxidable\/#breadcrumb\",\"itemListElement\":[{\"@type\":\"ListItem\",\"position\":1,\"name\":\"Portada\",\"item\":\"http:\/\/www.cerrajeriasanjuan.com\/es\/\"},{\"@type\":\"ListItem\",\"position\":2,\"name\":\"Acero Inoxidable\"}]},{\"@type\":\"WebSite\",\"@id\":\"http:\/\/www.cerrajeriasanjuan.com\/es\/#website\",\"url\":\"http:\/\/www.cerrajeriasanjuan.com\/es\/\",\"name\":\"CERRAJERIA SANJUAN\",\"description\":\"CERRAJERIA EN MARBELLA, rotulos, vallas publicitarias, luminosos, carteleria.\",\"potentialAction\":[{\"@type\":\"SearchAction\",\"target\":{\"@type\":\"EntryPoint\",\"urlTemplate\":\"http:\/\/www.cerrajeriasanjuan.com\/es\/?s={search_term_string}\"},\"query-input\":{\"@type\":\"PropertyValueSpecification\",\"valueRequired\":true,\"valueName\":\"search_term_string\"}}],\"inLanguage\":\"es\"}]}<\/script>\n<!-- \/ Yoast SEO plugin. -->","yoast_head_json":{"title":"ACERO INOXIDABLE MARBELLA, CERRAJERIA SAN JUAN","description":"Acero inosidable Marbella -Barandillas acero inoxidable - Puertas acero inoxidable - Barandillas de cristal con acero inoxidable - Letras acero inoxidable - Muebles para cocina acero inoxidable Muebles acero inoxidable - Barandillaa cable acero inoxidable - Chapas acero inoxidable - Mesas acero inoxidable - Estructura acero inoxidable","robots":{"index":"index","follow":"follow","max-snippet":"max-snippet:-1","max-image-preview":"max-image-preview:large","max-video-preview":"max-video-preview:-1"},"canonical":"http:\/\/www.cerrajeriasanjuan.com\/es\/acero-inoxidable\/","og_locale":"es_ES","og_type":"article","og_title":"ACERO INOXIDABLE MARBELLA, CERRAJERIA SAN JUAN","og_description":"Acero inosidable Marbella -Barandillas acero inoxidable - Puertas acero inoxidable - Barandillas de cristal con acero inoxidable - Letras acero inoxidable - Muebles para cocina acero inoxidable Muebles acero inoxidable - Barandillaa cable acero inoxidable - Chapas acero inoxidable - Mesas acero inoxidable - Estructura acero inoxidable","og_url":"http:\/\/www.cerrajeriasanjuan.com\/es\/acero-inoxidable\/","og_site_name":"CERRAJERIA SANJUAN","article_modified_time":"2017-07-11T17:37:48+00:00","twitter_card":"summary_large_image","twitter_misc":{"Tiempo de lectura":"2 minutos"},"schema":{"@context":"https:\/\/schema.org","@graph":[{"@type":"WebPage","@id":"http:\/\/www.cerrajeriasanjuan.com\/es\/acero-inoxidable\/","url":"http:\/\/www.cerrajeriasanjuan.com\/es\/acero-inoxidable\/","name":"ACERO INOXIDABLE MARBELLA, CERRAJERIA SAN JUAN","isPartOf":{"@id":"http:\/\/www.cerrajeriasanjuan.com\/es\/#website"},"datePublished":"2017-01-17T16:46:27+00:00","dateModified":"2017-07-11T17:37:48+00:00","description":"Acero inosidable Marbella -Barandillas acero inoxidable - Puertas acero inoxidable - Barandillas de cristal con acero inoxidable - Letras acero inoxidable - Muebles para cocina acero inoxidable Muebles acero inoxidable - Barandillaa cable acero inoxidable - Chapas acero inoxidable - Mesas acero inoxidable - Estructura acero inoxidable","breadcrumb":{"@id":"http:\/\/www.cerrajeriasanjuan.com\/es\/acero-inoxidable\/#breadcrumb"},"inLanguage":"es","potentialAction":[{"@type":"ReadAction","target":["http:\/\/www.cerrajeriasanjuan.com\/es\/acero-inoxidable\/"]}]},{"@type":"BreadcrumbList","@id":"http:\/\/www.cerrajeriasanjuan.com\/es\/acero-inoxidable\/#breadcrumb","itemListElement":[{"@type":"ListItem","position":1,"name":"Portada","item":"http:\/\/www.cerrajeriasanjuan.com\/es\/"},{"@type":"ListItem","position":2,"name":"Acero Inoxidable"}]},{"@type":"WebSite","@id":"http:\/\/www.cerrajeriasanjuan.com\/es\/#website","url":"http:\/\/www.cerrajeriasanjuan.com\/es\/","name":"CERRAJERIA SANJUAN","description":"CERRAJERIA EN MARBELLA, rotulos, vallas publicitarias, luminosos, carteleria.","potentialAction":[{"@type":"SearchAction","target":{"@type":"EntryPoint","urlTemplate":"http:\/\/www.cerrajeriasanjuan.com\/es\/?s={search_term_string}"},"query-input":{"@type":"PropertyValueSpecification","valueRequired":true,"valueName":"search_term_string"}}],"inLanguage":"es"}]}},"_links":{"self":[{"href":"http:\/\/www.cerrajeriasanjuan.com\/es\/wp-json\/wp\/v2\/pages\/622"}],"collection":[{"href":"http:\/\/www.cerrajeriasanjuan.com\/es\/wp-json\/wp\/v2\/pages"}],"about":[{"href":"http:\/\/www.cerrajeriasanjuan.com\/es\/wp-json\/wp\/v2\/types\/page"}],"author":[{"embeddable":true,"href":"http:\/\/www.cerrajeriasanjuan.com\/es\/wp-json\/wp\/v2\/users\/1"}],"replies":[{"embeddable":true,"href":"http:\/\/www.cerrajeriasanjuan.com\/es\/wp-json\/wp\/v2\/comments?post=622"}],"version-history":[{"count":11,"href":"http:\/\/www.cerrajeriasanjuan.com\/es\/wp-json\/wp\/v2\/pages\/622\/revisions"}],"predecessor-version":[{"id":787,"href":"http:\/\/www.cerrajeriasanjuan.com\/es\/wp-json\/wp\/v2\/pages\/622\/revisions\/787"}],"wp:attachment":[{"href":"http:\/\/www.cerrajeriasanjuan.com\/es\/wp-json\/wp\/v2\/media?parent=622"}],"curies":[{"name":"wp","href":"https:\/\/api.w.org\/{rel}","templated":true}]}}