{"id":664,"date":"2017-01-17T17:04:19","date_gmt":"2017-01-17T17:04:19","guid":{"rendered":"http:\/\/www.cerrajeriasanjuan.com\/es\/?page_id=664"},"modified":"2017-02-05T08:39:28","modified_gmt":"2017-02-05T08:39:28","slug":"puertas-abatibles","status":"publish","type":"page","link":"http:\/\/www.cerrajeriasanjuan.com\/es\/puertas-abatibles\/","title":{"rendered":"PUERTAS ABATIBLES"},"content":{"rendered":"<p>[et_pb_section admin_label=\u00bbsection\u00bb][et_pb_row admin_label=\u00bbrow\u00bb][et_pb_column type=\u00bb4_4&#8243;][et_pb_image admin_label=\u00bbImagen\u00bb src=\u00bbhttp:\/\/www.cerrajeriasanjuan.com\/wp-content\/uploads\/2017\/01\/Puerta-Garaje-Abatible-2.jpg\u00bb show_in_lightbox=\u00bboff\u00bb url_new_window=\u00bboff\u00bb use_overlay=\u00bboff\u00bb animation=\u00bbleft\u00bb sticky=\u00bboff\u00bb align=\u00bbleft\u00bb force_fullwidth=\u00bboff\u00bb always_center_on_mobile=\u00bbon\u00bb use_border_color=\u00bboff\u00bb border_color=\u00bb#ffffff\u00bb border_style=\u00bbsolid\u00bb] [\/et_pb_image][et_pb_text admin_label=\u00bbTexto\u00bb background_layout=\u00bblight\u00bb text_orientation=\u00bbleft\u00bb use_border_color=\u00bboff\u00bb border_color=\u00bb#ffffff\u00bb border_style=\u00bbsolid\u00bb]<\/p>\n<p style=\"text-align: center;\">PUERTAS ABATIBLES MARBELLA<\/p>\n<p>[\/et_pb_text][\/et_pb_column][\/et_pb_row][et_pb_row admin_label=\u00bbFila\u00bb][et_pb_column type=\u00bb4_4&#8243;][et_pb_text admin_label=\u00bbTexto\u00bb background_layout=\u00bblight\u00bb text_orientation=\u00bbjustified\u00bb use_border_color=\u00bboff\u00bb border_color=\u00bb#ffffff\u00bb border_style=\u00bbsolid\u00bb]<\/p>\n<p>Las ventajas de este tipo de puertas es que, al no plegarse o enrollarse sobre s\u00ed misma, pueden personalizarse con formas y detalles decorativos para que le d\u00e9 un toque elegante y concordante con la vivienda o el espacio donde se coloca.<\/p>\n<p>Se fabrican en una gran variedad de materiales y dise\u00f1os, combinables con otros elementos del cerramiento (verjas, puertas peatonales y vallas). Pueden ser de lama veneciana inclinada, entramado met\u00e1lico o art\u00edstico, chapa modulada, etc. Sus posibles acabados son: Galvanizado o Lacado al Horno seg\u00fan carta RAL.<\/p>\n<p>[\/et_pb_text][\/et_pb_column][\/et_pb_row][et_pb_row admin_label=\u00bbFila\u00bb make_fullwidth=\u00bbon\u00bb use_custom_width=\u00bboff\u00bb width_unit=\u00bbon\u00bb use_custom_gutter=\u00bboff\u00bb allow_player_pause=\u00bboff\u00bb parallax=\u00bboff\u00bb parallax_method=\u00bboff\u00bb make_equal=\u00bboff\u00bb parallax_1=\u00bboff\u00bb parallax_method_1=\u00bboff\u00bb][et_pb_column type=\u00bb4_4&#8243;][et_pb_gallery admin_label=\u00bbGaler\u00eda\u00bb gallery_ids=\u00bb702,703,704,705,706,707&#8243; gallery_orderby=\u00bbrand\u00bb fullwidth=\u00bboff\u00bb posts_number=\u00bb6&#8243; show_title_and_caption=\u00bboff\u00bb show_pagination=\u00bboff\u00bb background_layout=\u00bblight\u00bb auto=\u00bboff\u00bb hover_overlay_color=\u00bbrgba(255,255,255,0.9)\u00bb use_border_color=\u00bboff\u00bb border_color=\u00bb#ffffff\u00bb border_style=\u00bbsolid\u00bb] [\/et_pb_gallery][\/et_pb_column][\/et_pb_row][\/et_pb_section]<\/p>\n","protected":false},"excerpt":{"rendered":"<p>PUERTAS ABATIBLES MARBELLA Las ventajas de este tipo de puertas es que, al no plegarse o enrollarse sobre s\u00ed misma, pueden personalizarse con formas y detalles decorativos para que le d\u00e9 un toque elegante y concordante con la vivienda o el espacio donde se coloca. Se fabrican en una gran variedad de materiales y dise\u00f1os, [&hellip;]<\/p>\n","protected":false},"author":1,"featured_media":0,"parent":0,"menu_order":0,"comment_status":"closed","ping_status":"closed","template":"","meta":{"_et_pb_use_builder":"on","_et_pb_old_content":"","_et_gb_content_width":"","_joinchat":[],"footnotes":""},"class_list":["post-664","page","type-page","status-publish","hentry"],"yoast_head":"<!-- This site is optimized with the Yoast SEO plugin v23.6 - https:\/\/yoast.com\/wordpress\/plugins\/seo\/ -->\n<title>PUERTAS ABATIBLES MARBELLA - CERRAJERIA SANJUAN<\/title>\n<meta name=\"description\" content=\"PUERTAS ABATIBLES MARBELLA, Se fabrican en una gran variedad de materiales y dise\u00f1os, combinables con otros elementos del cerramiento\" \/>\n<meta name=\"robots\" content=\"index, follow, max-snippet:-1, max-image-preview:large, max-video-preview:-1\" \/>\n<link rel=\"canonical\" href=\"http:\/\/www.cerrajeriasanjuan.com\/es\/puertas-abatibles\/\" \/>\n<meta property=\"og:locale\" content=\"es_ES\" \/>\n<meta property=\"og:type\" content=\"article\" \/>\n<meta property=\"og:title\" content=\"PUERTAS ABATIBLES MARBELLA - CERRAJERIA SANJUAN\" \/>\n<meta property=\"og:description\" content=\"PUERTAS ABATIBLES MARBELLA, Se fabrican en una gran variedad de materiales y dise\u00f1os, combinables con otros elementos del cerramiento\" \/>\n<meta property=\"og:url\" content=\"http:\/\/www.cerrajeriasanjuan.com\/es\/puertas-abatibles\/\" \/>\n<meta property=\"og:site_name\" content=\"CERRAJERIA SANJUAN\" \/>\n<meta property=\"article:modified_time\" content=\"2017-02-05T08:39:28+00:00\" \/>\n<meta name=\"twitter:card\" content=\"summary_large_image\" \/>\n<meta name=\"twitter:label1\" content=\"Tiempo de lectura\" \/>\n\t<meta name=\"twitter:data1\" content=\"2 minutos\" \/>\n<script type=\"application\/ld+json\" class=\"yoast-schema-graph\">{\"@context\":\"https:\/\/schema.org\",\"@graph\":[{\"@type\":\"WebPage\",\"@id\":\"http:\/\/www.cerrajeriasanjuan.com\/es\/puertas-abatibles\/\",\"url\":\"http:\/\/www.cerrajeriasanjuan.com\/es\/puertas-abatibles\/\",\"name\":\"PUERTAS ABATIBLES MARBELLA - CERRAJERIA SANJUAN\",\"isPartOf\":{\"@id\":\"http:\/\/www.cerrajeriasanjuan.com\/es\/#website\"},\"datePublished\":\"2017-01-17T17:04:19+00:00\",\"dateModified\":\"2017-02-05T08:39:28+00:00\",\"description\":\"PUERTAS ABATIBLES MARBELLA, Se fabrican en una gran variedad de materiales y dise\u00f1os, combinables con otros elementos del cerramiento\",\"breadcrumb\":{\"@id\":\"http:\/\/www.cerrajeriasanjuan.com\/es\/puertas-abatibles\/#breadcrumb\"},\"inLanguage\":\"es\",\"potentialAction\":[{\"@type\":\"ReadAction\",\"target\":[\"http:\/\/www.cerrajeriasanjuan.com\/es\/puertas-abatibles\/\"]}]},{\"@type\":\"BreadcrumbList\",\"@id\":\"http:\/\/www.cerrajeriasanjuan.com\/es\/puertas-abatibles\/#breadcrumb\",\"itemListElement\":[{\"@type\":\"ListItem\",\"position\":1,\"name\":\"Portada\",\"item\":\"http:\/\/www.cerrajeriasanjuan.com\/es\/\"},{\"@type\":\"ListItem\",\"position\":2,\"name\":\"PUERTAS ABATIBLES\"}]},{\"@type\":\"WebSite\",\"@id\":\"http:\/\/www.cerrajeriasanjuan.com\/es\/#website\",\"url\":\"http:\/\/www.cerrajeriasanjuan.com\/es\/\",\"name\":\"CERRAJERIA SANJUAN\",\"description\":\"CERRAJERIA EN MARBELLA, rotulos, vallas publicitarias, luminosos, carteleria.\",\"potentialAction\":[{\"@type\":\"SearchAction\",\"target\":{\"@type\":\"EntryPoint\",\"urlTemplate\":\"http:\/\/www.cerrajeriasanjuan.com\/es\/?s={search_term_string}\"},\"query-input\":{\"@type\":\"PropertyValueSpecification\",\"valueRequired\":true,\"valueName\":\"search_term_string\"}}],\"inLanguage\":\"es\"}]}<\/script>\n<!-- \/ Yoast SEO plugin. -->","yoast_head_json":{"title":"PUERTAS ABATIBLES MARBELLA - CERRAJERIA SANJUAN","description":"PUERTAS ABATIBLES MARBELLA, Se fabrican en una gran variedad de materiales y dise\u00f1os, combinables con otros elementos del cerramiento","robots":{"index":"index","follow":"follow","max-snippet":"max-snippet:-1","max-image-preview":"max-image-preview:large","max-video-preview":"max-video-preview:-1"},"canonical":"http:\/\/www.cerrajeriasanjuan.com\/es\/puertas-abatibles\/","og_locale":"es_ES","og_type":"article","og_title":"PUERTAS ABATIBLES MARBELLA - CERRAJERIA SANJUAN","og_description":"PUERTAS ABATIBLES MARBELLA, Se fabrican en una gran variedad de materiales y dise\u00f1os, combinables con otros elementos del cerramiento","og_url":"http:\/\/www.cerrajeriasanjuan.com\/es\/puertas-abatibles\/","og_site_name":"CERRAJERIA SANJUAN","article_modified_time":"2017-02-05T08:39:28+00:00","twitter_card":"summary_large_image","twitter_misc":{"Tiempo de lectura":"2 minutos"},"schema":{"@context":"https:\/\/schema.org","@graph":[{"@type":"WebPage","@id":"http:\/\/www.cerrajeriasanjuan.com\/es\/puertas-abatibles\/","url":"http:\/\/www.cerrajeriasanjuan.com\/es\/puertas-abatibles\/","name":"PUERTAS ABATIBLES MARBELLA - CERRAJERIA SANJUAN","isPartOf":{"@id":"http:\/\/www.cerrajeriasanjuan.com\/es\/#website"},"datePublished":"2017-01-17T17:04:19+00:00","dateModified":"2017-02-05T08:39:28+00:00","description":"PUERTAS ABATIBLES MARBELLA, Se fabrican en una gran variedad de materiales y dise\u00f1os, combinables con otros elementos del cerramiento","breadcrumb":{"@id":"http:\/\/www.cerrajeriasanjuan.com\/es\/puertas-abatibles\/#breadcrumb"},"inLanguage":"es","potentialAction":[{"@type":"ReadAction","target":["http:\/\/www.cerrajeriasanjuan.com\/es\/puertas-abatibles\/"]}]},{"@type":"BreadcrumbList","@id":"http:\/\/www.cerrajeriasanjuan.com\/es\/puertas-abatibles\/#breadcrumb","itemListElement":[{"@type":"ListItem","position":1,"name":"Portada","item":"http:\/\/www.cerrajeriasanjuan.com\/es\/"},{"@type":"ListItem","position":2,"name":"PUERTAS ABATIBLES"}]},{"@type":"WebSite","@id":"http:\/\/www.cerrajeriasanjuan.com\/es\/#website","url":"http:\/\/www.cerrajeriasanjuan.com\/es\/","name":"CERRAJERIA SANJUAN","description":"CERRAJERIA EN MARBELLA, rotulos, vallas publicitarias, luminosos, carteleria.","potentialAction":[{"@type":"SearchAction","target":{"@type":"EntryPoint","urlTemplate":"http:\/\/www.cerrajeriasanjuan.com\/es\/?s={search_term_string}"},"query-input":{"@type":"PropertyValueSpecification","valueRequired":true,"valueName":"search_term_string"}}],"inLanguage":"es"}]}},"_links":{"self":[{"href":"http:\/\/www.cerrajeriasanjuan.com\/es\/wp-json\/wp\/v2\/pages\/664"}],"collection":[{"href":"http:\/\/www.cerrajeriasanjuan.com\/es\/wp-json\/wp\/v2\/pages"}],"about":[{"href":"http:\/\/www.cerrajeriasanjuan.com\/es\/wp-json\/wp\/v2\/types\/page"}],"author":[{"embeddable":true,"href":"http:\/\/www.cerrajeriasanjuan.com\/es\/wp-json\/wp\/v2\/users\/1"}],"replies":[{"embeddable":true,"href":"http:\/\/www.cerrajeriasanjuan.com\/es\/wp-json\/wp\/v2\/comments?post=664"}],"version-history":[{"count":10,"href":"http:\/\/www.cerrajeriasanjuan.com\/es\/wp-json\/wp\/v2\/pages\/664\/revisions"}],"predecessor-version":[{"id":720,"href":"http:\/\/www.cerrajeriasanjuan.com\/es\/wp-json\/wp\/v2\/pages\/664\/revisions\/720"}],"wp:attachment":[{"href":"http:\/\/www.cerrajeriasanjuan.com\/es\/wp-json\/wp\/v2\/media?parent=664"}],"curies":[{"name":"wp","href":"https:\/\/api.w.org\/{rel}","templated":true}]}}